{"id":8092,"date":"2024-03-14T08:42:02","date_gmt":"2024-03-14T08:42:02","guid":{"rendered":"https:\/\/florinacestach.cz\/?page_id=8092"},"modified":"2025-09-30T18:38:19","modified_gmt":"2025-09-30T18:38:19","slug":"tip_usa_esta","status":"publish","type":"page","link":"https:\/\/florinacestach.cz\/en\/tip_usa_esta\/","title":{"rendered":"Travel to the USA, ESTA \u2013 Travel tips"},"content":{"rendered":"\t\t<div data-elementor-type=\"wp-page\" data-elementor-id=\"8092\" class=\"elementor elementor-8092\">\n\t\t\t\t\t\t<section class=\"elementor-section elementor-top-section elementor-element elementor-element-909c22c elementor-section-boxed elementor-section-height-default elementor-section-height-default\" data-id=\"909c22c\" data-element_type=\"section\" data-e-type=\"section\">\n\t\t\t\t\t\t<div class=\"elementor-container elementor-column-gap-default\">\n\t\t\t\t\t<div class=\"elementor-column elementor-col-100 elementor-top-column elementor-element elementor-element-8feefc3\" data-id=\"8feefc3\" data-element_type=\"column\" data-e-type=\"column\">\n\t\t\t<div class=\"elementor-widget-wrap elementor-element-populated\">\n\t\t\t\t\t\t<div class=\"elementor-element elementor-element-1c74bd7 elementor-widget elementor-widget-heading\" data-id=\"1c74bd7\" data-element_type=\"widget\" data-e-type=\"widget\" data-widget_type=\"heading.default\">\n\t\t\t\t<div class=\"elementor-widget-container\">\n\t\t\t\t\t<h1 class=\"elementor-heading-title elementor-size-default\">Cesty do USA<\/h1>\t\t\t\t<\/div>\n\t\t\t\t<\/div>\n\t\t\t\t<div class=\"elementor-element elementor-element-2c07c17 elementor-widget elementor-widget-text-editor\" data-id=\"2c07c17\" data-element_type=\"widget\" data-e-type=\"widget\" data-widget_type=\"text-editor.default\">\n\t\t\t\t<div class=\"elementor-widget-container\">\n\t\t\t\t\t\t\t\t\t<p>Od roku 2008 je \u010cR za\u0159azena do bezv\u00edzov\u00e9ho styku Spojen\u00fdch st\u00e1t\u016f americk\u00fdch. Nemus\u00ed\u0161 si tedy pro cestu do USA vy\u0159izovat v\u00edzum (a\u017e na v\u00fdjimky), ale sta\u010d\u00ed ti <strong>vyplnit registra\u010dn\u00ed formul\u00e1\u0159 ESTA.<\/strong> Registraci pot\u0159ebuje\u0161 nejen p\u0159i leteck\u00fdch cest\u00e1ch, ale i p\u0159i p\u0159ekro\u010den\u00ed pozemn\u00ed hranice (nap\u0159\u00edklad mezi Kanadou a USA) a p\u0159i cest\u00e1ch po mo\u0159i.<\/p>\t\t\t\t\t\t\t\t<\/div>\n\t\t\t\t<\/div>\n\t\t\t\t<div class=\"elementor-element elementor-element-2595ce8 elementor-widget elementor-widget-heading\" data-id=\"2595ce8\" data-element_type=\"widget\" data-e-type=\"widget\" data-widget_type=\"heading.default\">\n\t\t\t\t<div class=\"elementor-widget-container\">\n\t\t\t\t\t<h2 class=\"elementor-heading-title elementor-size-default\">ESTA<\/h2>\t\t\t\t<\/div>\n\t\t\t\t<\/div>\n\t\t\t\t<div class=\"elementor-element elementor-element-65fa00a elementor-widget elementor-widget-text-editor\" data-id=\"65fa00a\" data-element_type=\"widget\" data-e-type=\"widget\" data-widget_type=\"text-editor.default\">\n\t\t\t\t<div class=\"elementor-widget-container\">\n\t\t\t\t\t\t\t\t\t<p>Vy\u0159\u00edzen\u00ed je jednoduch\u00e9. Registra\u010dn\u00ed formul\u00e1\u0159 najde\u0161 na str\u00e1nce\u00a0<a style=\"font-size: 1rem; background-color: #ffffff;\" href=\"https:\/\/esta.cbp.dhs.gov\/\" target=\"_blank\" rel=\"noopener\">https:\/\/esta.cbp.dhs.gov\/<\/a>. Je to <strong>jedin\u00e1 ofici\u00e1ln\u00ed str\u00e1nka<\/strong>, nikde jinde si ESTU nevy\u0159izuj. Na internetu m\u016f\u017ee\u0161 narazit na spoustu podvodn\u00fdch str\u00e1nek, kter\u00e9 ti vy\u0159\u00edzen\u00ed ESTY slibuj\u00ed &#8211; ty nikdy nevyu\u017e\u00edvej. Na\u00fa\u010dtuj\u00ed si extra poplatek za zprost\u0159edkov\u00e1n\u00ed. Registraci je doporu\u010dov\u00e1no prov\u00e9st<strong> nejpozd\u011bji 72 hodin p\u0159ed cestou<\/strong>. Schv\u00e1len\u00e1 ESTA m\u00e1 <strong>platnost dva roky<\/strong> (nebo do zm\u011bny \u00fadaj\u016f &#8211; nap\u0159. v\u00fdm\u011bna pasu, zm\u011bna jm\u00e9na) a od 30. z\u00e1\u0159\u00ed 2025 se za ni plat\u00ed <strong>$40<\/strong>.<\/p>\t\t\t\t\t\t\t\t<\/div>\n\t\t\t\t<\/div>\n\t\t\t\t<div class=\"elementor-element elementor-element-b225e07 elementor-widget elementor-widget-video\" data-id=\"b225e07\" data-element_type=\"widget\" data-e-type=\"widget\" data-settings=\"{&quot;youtube_url&quot;:&quot;https:\\\/\\\/youtu.be\\\/wIxm9gtz9kc?si=6pBNtOU57KSibIX-&quot;,&quot;video_type&quot;:&quot;youtube&quot;,&quot;controls&quot;:&quot;yes&quot;}\" data-widget_type=\"video.default\">\n\t\t\t\t<div class=\"elementor-widget-container\">\n\t\t\t\t\t\t\t<div class=\"elementor-wrapper elementor-open-inline\">\n\t\t\t<div class=\"elementor-video\"><\/div>\t\t<\/div>\n\t\t\t\t\t\t<\/div>\n\t\t\t\t<\/div>\n\t\t\t\t<div class=\"elementor-element elementor-element-1432a30 elementor-widget elementor-widget-text-editor\" data-id=\"1432a30\" data-element_type=\"widget\" data-e-type=\"widget\" data-widget_type=\"text-editor.default\">\n\t\t\t\t<div class=\"elementor-widget-container\">\n\t\t\t\t\t\t\t\t\t<p><span style=\"color: var(--text-color-normal); font-size: 1rem;\">Pro vy\u0159\u00edzen\u00ed pot\u0159ebuje\u0161 vlastn\u00ed<strong> platn\u00fd biometrick\u00fd pas<\/strong>, e-mailovou schr\u00e1nku a platebn\u00ed kartu umo\u017e\u0148uj\u00edc\u00ed platby p\u0159es internet. Pas bude\u0161 muset vyfotit a jeho fotku bude\u0161 vkl\u00e1dat p\u0159\u00edmo do \u017e\u00e1dosti.<\/span><\/p><p>V \u017e\u00e1dosti pak vypl\u0148uje\u0161 sv\u00e9 osobn\u00ed \u00fadaje, informace o cest\u011b, mus\u00ed\u0161 vyplnit tak\u00e9 m\u00edsto pobytu a adresu prvn\u00edho ubytov\u00e1n\u00ed. N\u00e1sleduj\u00ed tak\u00e9 obecn\u00e9 dotazy k p\u0159edchoz\u00edmu cestov\u00e1n\u00ed.\u00a0V z\u00e1v\u011bru formul\u00e1\u0159e pak zaplat\u00ed\u0161 platebn\u00ed kartou a po\u010dk\u00e1\u0161 na vyhodnocen\u00ed.\u00a0 V\u00fdsledek ti pak doraz\u00ed do n\u011bkolika dn\u00ed do zadan\u00e9 e-mailov\u00e9 schr\u00e1nky.\u00a0<\/p><p><strong>Schv\u00e1lenou ESTU si vytiskni<\/strong>. Bude\u0161 ji pot\u0159ebovat u\u017e p\u0159i odbaven\u00ed na leti\u0161ti p\u0159ed n\u00e1stupem do letadla a tak\u00e9 po p\u0159\u00edletu do USA.<\/p><p>V r\u00e1mci bezv\u00edzov\u00e9ho programu a s elektronickou registrac\u00ed ESTA m\u016f\u017ee\u0161 na \u00fazem\u00ed USA pob\u00fdvat za \u00fa\u010delem obchodn\u00ed cesty nebo turistiky maxim\u00e1ln\u011b 90 dn\u00ed. Prodlou\u017een\u00ed v r\u00e1mci bezv\u00edzov\u00e9ho styku (s ESTA) nen\u00ed mo\u017en\u00e9.<\/p>\t\t\t\t\t\t\t\t<\/div>\n\t\t\t\t<\/div>\n\t\t\t\t<div class=\"elementor-element elementor-element-8c622ce elementor-widget elementor-widget-heading\" data-id=\"8c622ce\" data-element_type=\"widget\" data-e-type=\"widget\" data-widget_type=\"heading.default\">\n\t\t\t\t<div class=\"elementor-widget-container\">\n\t\t\t\t\t<h2 class=\"elementor-heading-title elementor-size-default\">Kdy ESTA nesta\u010d\u00ed a mus\u00ed\u0161 po\u017e\u00e1dat o v\u00edzum<\/h2>\t\t\t\t<\/div>\n\t\t\t\t<\/div>\n\t\t\t\t<div class=\"elementor-element elementor-element-3a0e191 elementor-widget elementor-widget-text-editor\" data-id=\"3a0e191\" data-element_type=\"widget\" data-e-type=\"widget\" data-widget_type=\"text-editor.default\">\n\t\t\t\t<div class=\"elementor-widget-container\">\n\t\t\t\t\t\t\t\t\t<p>Pokud jsi kdykoliv po 1.3.2011 nav\u0161t\u00edvil KLDR, Ir\u00e1k, \u00cdr\u00e1n, Jemen, Libyi, Som\u00e1lsko, Syrii nebo po 12.1.2021 Kubu, pak je pot\u0159eba si po\u017e\u00e1dat o v\u00edzum na Velvyslanectv\u00ed USA v Praze. A to i v p\u0159\u00edpad\u011b, kdy m\u00e1\u0161 platnou ESTU.\u00a0\u00a0<\/p><p>Informace o podm\u00ednk\u00e1ch z\u00edsk\u00e1n\u00ed najde\u0161 tak\u00e9 na str\u00e1nce <a href=\"https:\/\/travel.state.gov\/content\/travel.html\" target=\"_blank\" rel=\"noopener\">https:\/\/travel.state.gov\/content\/travel.html<\/a>\u00a0nebo na webov\u00fdch str\u00e1nk\u00e1ch Velvyslanectv\u00ed USA v Praze <a href=\"https:\/\/cz.usembassy.gov\/\" target=\"_blank\" rel=\"noopener\">https:\/\/cz.usembassy.gov\/<\/a>. Pom\u016f\u017eou ti tak\u00e9 str\u00e1nky Ministerstva zahrani\u010dn\u00edch v\u011bc\u00ed \u010cR <a href=\"https:\/\/mzv.gov.cz\/jnp\/cz\/encyklopedie_statu\/severni_amerika\/usa\/cestovani\/visa.html\" target=\"_blank\" rel=\"noopener\">https:\/\/mzv.gov.cz\/jnp\/cz\/encyklopedie_statu\/severni_amerika\/usa\/cestovani\/visa.html<\/a>.<\/p>\t\t\t\t\t\t\t\t<\/div>\n\t\t\t\t<\/div>\n\t\t\t\t<div class=\"elementor-element elementor-element-dfdbff2 elementor-widget elementor-widget-heading\" data-id=\"dfdbff2\" data-element_type=\"widget\" data-e-type=\"widget\" data-widget_type=\"heading.default\">\n\t\t\t\t<div class=\"elementor-widget-container\">\n\t\t\t\t\t<h2 class=\"elementor-heading-title elementor-size-default\">Pohovor s imigra\u010dn\u00edm \u00fa\u0159edn\u00edkem<\/h2>\t\t\t\t<\/div>\n\t\t\t\t<\/div>\n\t\t\t\t<div class=\"elementor-element elementor-element-8583aaa elementor-widget elementor-widget-text-editor\" data-id=\"8583aaa\" data-element_type=\"widget\" data-e-type=\"widget\" data-widget_type=\"text-editor.default\">\n\t\t\t\t<div class=\"elementor-widget-container\">\n\t\t\t\t\t\t\t\t\t<p>Samotn\u00e1 schv\u00e1len\u00e1<strong> ESTA nen\u00ed z\u00e1rukou vpu\u0161t\u011bn\u00ed na \u00fazem\u00ed USA<\/strong>. O povolen\u00ed vstupu na \u00fazem\u00ed USA rozhoduje p\u0159\u00edslu\u0161n\u00fd pracovn\u00edk \u00da\u0159adu pro cla a ochranu hranic v m\u00edst\u011b vstupu na \u00fazem\u00ed USA. Jakmile vstoup\u00ed\u0161 do USA, \u010dek\u00e1 t\u011b tedy je\u0161t\u011b <strong>pohovor s imigra\u010dn\u00edm \u00fa\u0159edn\u00edkem<\/strong>. Pokud \u00fa\u0159edn\u00edk zam\u00edtne vstup na \u00fazem\u00ed USA, neexistuje mo\u017enost odvol\u00e1n\u00ed a vr\u00e1t\u00ed t\u011b zp\u011bt do destinace, odkud jsi p\u0159icestoval.<\/p><p>Samotn\u00fd pohovor s imigra\u010dn\u00edm \u00fa\u0159edn\u00edkem nen\u00ed nijak n\u00e1ro\u010dn\u00fd. Z\u00e1kladem b\u00fdvaj\u00ed stejn\u00e9 ot\u00e1zky. J\u00e1 jsem pohovor absolvoval v Los Angeles a padly tyto ot\u00e1zky:<\/p>\t\t\t\t\t\t\t\t<\/div>\n\t\t\t\t<\/div>\n\t\t\t\t<div class=\"elementor-element elementor-element-4c2253e elementor-widget elementor-widget-text-editor\" data-id=\"4c2253e\" data-element_type=\"widget\" data-e-type=\"widget\" data-widget_type=\"text-editor.default\">\n\t\t\t\t<div class=\"elementor-widget-container\">\n\t\t\t\t\t\t\t\t\t<ul><li>Jak dlouho budu v Los Angeles?<\/li><li>Co m\u00e1m v LA v pl\u00e1nu?<\/li><li>Co konkr\u00e9tn\u011b chci vid\u011bt?<\/li><li>Co chci vid\u011bt v New Yorku?<\/li><li>M\u00e1m zp\u00e1te\u010dn\u00ed letenku? (dobr\u00e9 je ji uk\u00e1zat)<\/li><li>Kde budu bydlet, jak\u00e1 je adresa hotelu? (tak\u00e9 je dobr\u00e9 uk\u00e1zat rezervaci)<\/li><li>S k\u00fdm let\u00edm?<\/li><li>Let\u00edm za n\u011bk\u00fdm?<\/li><li>Pro\u010d let\u00edm s\u00e1m?<\/li><li>Kde pracuju?<\/li><li>Na jak\u00e9 pozici a jak dlouho?<\/li><li>Kolik m\u00e1m k dispozici pen\u011bz?<\/li><li>Dov\u00e1\u017e\u00edm n\u011bjak\u00e9 j\u00eddlo?<\/li><\/ul><div>Pak u\u017e jen odevzdat otisky prst\u016f a <strong>Welcome to the United States of America<\/strong>.<\/div>\t\t\t\t\t\t\t\t<\/div>\n\t\t\t\t<\/div>\n\t\t\t\t<div class=\"elementor-element elementor-element-6274227 elementor-widget elementor-widget-text-editor\" data-id=\"6274227\" data-element_type=\"widget\" data-e-type=\"widget\" data-widget_type=\"text-editor.default\">\n\t\t\t\t<div class=\"elementor-widget-container\">\n\t\t\t\t\t\t\t\t\t<div data-draftjs-conductor-fragment=\"{&quot;blocks&quot;:[{&quot;key&quot;:&quot;54k7l&quot;,&quot;text&quot;:&quot;Ano. Za m\u011b jednozna\u010dn\u011b. Nav\u0161t\u00edvit New York o\u00a0V\u00e1noc\u00edch podle m\u00e9ho n\u00e1zoru stoj\u00ed za to. Uvid\u00ed\u0161 kr\u00e1snou v\u00fdzdobu a\u00a0u\u017eije\u0161 si neopakovatelnou atmosf\u00e9ru (pokud teda p\u0159ekon\u00e1\u0161 ty tis\u00edce dal\u0161\u00edch lid\u00ed). Po\u010d\u00edtej s\u00a0t\u00edm, \u017ee to bude nejsp\u00ed\u0161 dra\u017e\u0161\u00ed dovolen\u00e1, i\u00a0co se t\u00fdk\u00e1 ubytov\u00e1n\u00ed, tak mi p\u0159ijde, \u017ee jsou V\u00e1noce a\u00a0Nov\u00fd rok nejdra\u017e\u0161\u00ed obdob\u00ed v\u00a0roce. Ale co dnes drah\u00e9 nen\u00ed, \u017ee jo. Tohle je ur\u010dit\u011b z\u00e1\u017eitek, kter\u00fd ti z\u016fstane.&quot;,&quot;type&quot;:&quot;paragraph&quot;,&quot;depth&quot;:0,&quot;inlineStyleRanges&quot;:[{&quot;offset&quot;:72,&quot;length&quot;:11,&quot;style&quot;:&quot;BOLD&quot;},{&quot;offset&quot;:120,&quot;length&quot;:25,&quot;style&quot;:&quot;BOLD&quot;},{&quot;offset&quot;:364,&quot;length&quot;:41,&quot;style&quot;:&quot;BOLD&quot;}],&quot;entityRanges&quot;:[],&quot;data&quot;:{&quot;componentId&quot;:&quot;670d0735cb5af129be872286&quot;}},{&quot;key&quot;:&quot;fb6rj&quot;,&quot;text&quot;:&quot;J\u00e1 jsem krom\u011b t\u011bchto v\u00e1no\u010dn\u00edch m\u00edst nav\u0161t\u00edvil taky na vyhl\u00eddky v\u00a0mrakodrapech, vyrazil na muzik\u00e1l do divadla a\u00a0 tak\u00e9 do muze\u00ed. Tak\u017ee nejen V\u00e1noce jsem si tady dost u\u017eil. Klidn\u011b mrkni na video v\u00a0\u00favodu, tam je vlastn\u011b v\u0161e.&quot;,&quot;type&quot;:&quot;paragraph&quot;,&quot;depth&quot;:0,&quot;inlineStyleRanges&quot;:[],&quot;entityRanges&quot;:[],&quot;data&quot;:{&quot;componentId&quot;:&quot;670d0735cb5af129be872287&quot;}},{&quot;key&quot;:&quot;9hr6c&quot;,&quot;text&quot;:&quot;Zaj\u00edmal m\u011b taky Silvestr na Times Square, ale kdy\u017e jsem v\u00edc a\u00a0v\u00edc hledal, jak to tady prob\u00edh\u00e1, tak jsem si to rychle rozmyslel. P\u0159esto sem desetitis\u00edce lid\u00ed t\u00e1hne. Ale o\u00a0tom se rozep\u00ed\u0161u zase v\u00a0jin\u00e9m \u010dl\u00e1nku.&quot;,&quot;type&quot;:&quot;paragraph&quot;,&quot;depth&quot;:0,&quot;inlineStyleRanges&quot;:[{&quot;offset&quot;:16,&quot;length&quot;:24,&quot;style&quot;:&quot;BOLD&quot;}],&quot;entityRanges&quot;:[],&quot;data&quot;:{&quot;componentId&quot;:&quot;670d0735cb5af129be872288&quot;}}],&quot;entityMap&quot;:{}}\"><div class=\"\" data-block=\"true\" data-editor=\"14qmr\" data-offset-key=\"38tg9-0-0\"><div class=\"public-DraftStyleDefault-block public-DraftStyleDefault-ltr\" data-offset-key=\"38tg9-0-0\"><strong>D\u011bkuju za p\u0159e\u010dten\u00ed<\/strong> a pro dal\u0161\u00ed cestovatelsk\u00e9 tipy, fotky a videa m\u011b <strong>nezapome\u0148 sledovat<\/strong> na m\u00e9m\u00a0<strong><a href=\"https:\/\/www.instagram.com\/flori_prg\/\" target=\"_blank\" rel=\"noopener\">Instagramu<\/a> <\/strong>a <strong><a href=\"https:\/\/www.youtube.com\/@florianek83\" target=\"_blank\" rel=\"noopener\">YouTube kan\u00e1lu<\/a><\/strong>.\u00a0<\/div><\/div><\/div>\t\t\t\t\t\t\t\t<\/div>\n\t\t\t\t<\/div>\n\t\t\t\t\t<\/div>\n\t\t<\/div>\n\t\t\t\t\t<\/div>\n\t\t<\/section>\n\t\t\t\t<\/div>\n\t\t","protected":false},"excerpt":{"rendered":"<p>Cesty do USA Od roku 2008 je \u010cR za\u0159azena do bezv\u00edzov\u00e9ho styku Spojen\u00fdch st\u00e1t\u016f americk\u00fdch. Nemus\u00ed\u0161 si tedy pro cestu do USA vy\u0159izovat v\u00edzum (a\u017e na v\u00fdjimky), ale sta\u010d\u00ed ti vyplnit registra\u010dn\u00ed formul\u00e1\u0159 ESTA. Registraci pot\u0159ebuje\u0161 nejen p\u0159i leteck\u00fdch cest\u00e1ch, ale i p\u0159i p\u0159ekro\u010den\u00ed pozemn\u00ed hranice (nap\u0159\u00edklad mezi Kanadou a USA) a p\u0159i cest\u00e1ch po [&hellip;]<\/p>\n","protected":false},"author":1,"featured_media":0,"parent":0,"menu_order":0,"comment_status":"closed","ping_status":"closed","template":"","meta":{"footnotes":""},"class_list":["post-8092","page","type-page","status-publish","hentry"],"blocksy_meta":[],"_links":{"self":[{"href":"https:\/\/florinacestach.cz\/en\/wp-json\/wp\/v2\/pages\/8092","targetHints":{"allow":["GET"]}}],"collection":[{"href":"https:\/\/florinacestach.cz\/en\/wp-json\/wp\/v2\/pages"}],"about":[{"href":"https:\/\/florinacestach.cz\/en\/wp-json\/wp\/v2\/types\/page"}],"author":[{"embeddable":true,"href":"https:\/\/florinacestach.cz\/en\/wp-json\/wp\/v2\/users\/1"}],"replies":[{"embeddable":true,"href":"https:\/\/florinacestach.cz\/en\/wp-json\/wp\/v2\/comments?post=8092"}],"version-history":[{"count":0,"href":"https:\/\/florinacestach.cz\/en\/wp-json\/wp\/v2\/pages\/8092\/revisions"}],"wp:attachment":[{"href":"https:\/\/florinacestach.cz\/en\/wp-json\/wp\/v2\/media?parent=8092"}],"curies":[{"name":"wp","href":"https:\/\/api.w.org\/{rel}","templated":true}]}}