{"id":8090,"date":"2024-03-14T13:56:06","date_gmt":"2024-03-14T13:56:06","guid":{"rendered":"https:\/\/florinacestach.cz\/?page_id=8090"},"modified":"2025-06-12T19:25:42","modified_gmt":"2025-06-12T19:25:42","slug":"zahranici_data_airalo","status":"publish","type":"page","link":"https:\/\/florinacestach.cz\/en\/zahranici_data_airalo\/","title":{"rendered":"Mobile data abroad, Airalo \u2013 Travel tips"},"content":{"rendered":"\t\t<div data-elementor-type=\"wp-page\" data-elementor-id=\"8090\" class=\"elementor elementor-8090\">\n\t\t\t\t\t\t<section class=\"elementor-section elementor-top-section elementor-element elementor-element-8106491 elementor-section-boxed elementor-section-height-default elementor-section-height-default\" data-id=\"8106491\" data-element_type=\"section\" data-e-type=\"section\">\n\t\t\t\t\t\t<div class=\"elementor-container elementor-column-gap-default\">\n\t\t\t\t\t<div class=\"elementor-column elementor-col-100 elementor-top-column elementor-element elementor-element-024ffb3\" data-id=\"024ffb3\" data-element_type=\"column\" data-e-type=\"column\">\n\t\t\t<div class=\"elementor-widget-wrap elementor-element-populated\">\n\t\t\t\t\t\t<div class=\"elementor-element elementor-element-6a39a9f elementor-widget elementor-widget-heading\" data-id=\"6a39a9f\" data-element_type=\"widget\" data-e-type=\"widget\" data-widget_type=\"heading.default\">\n\t\t\t\t<div class=\"elementor-widget-container\">\n\t\t\t\t\t<h1 class=\"elementor-heading-title elementor-size-default\">Mobiln\u00ed data v zahrani\u010d\u00ed<\/h1>\t\t\t\t<\/div>\n\t\t\t\t<\/div>\n\t\t\t\t<div class=\"elementor-element elementor-element-486b96d elementor-widget elementor-widget-text-editor\" data-id=\"486b96d\" data-element_type=\"widget\" data-e-type=\"widget\" data-widget_type=\"text-editor.default\">\n\t\t\t\t<div class=\"elementor-widget-container\">\n\t\t\t\t\t\t\t\t\t<p>Osobn\u011b si cestov\u00e1n\u00ed bez mobiln\u00edho telefonu a mobiln\u00edch dat nedok\u00e1\u017eu moc p\u0159edstavit. A\u0165 u\u017e pro vyu\u017e\u00edv\u00e1n\u00ed mapy a navigace, nebo pro spojen\u00ed s rodinou \u010di soci\u00e1ln\u00ed s\u00edt\u011b.\u00a0<\/p>\t\t\t\t\t\t\t\t<\/div>\n\t\t\t\t<\/div>\n\t\t\t\t<div class=\"elementor-element elementor-element-e5e2e7e elementor-widget elementor-widget-video\" data-id=\"e5e2e7e\" data-element_type=\"widget\" data-e-type=\"widget\" data-settings=\"{&quot;youtube_url&quot;:&quot;https:\\\/\\\/youtube.com\\\/shorts\\\/ouVfJYPhozE?feature=share&quot;,&quot;video_type&quot;:&quot;youtube&quot;,&quot;controls&quot;:&quot;yes&quot;}\" data-widget_type=\"video.default\">\n\t\t\t\t<div class=\"elementor-widget-container\">\n\t\t\t\t\t\t\t<div class=\"elementor-wrapper elementor-open-inline\">\n\t\t\t<div class=\"elementor-video\"><\/div>\t\t<\/div>\n\t\t\t\t\t\t<\/div>\n\t\t\t\t<\/div>\n\t\t\t\t<div class=\"elementor-element elementor-element-c9b369b elementor-widget elementor-widget-heading\" data-id=\"c9b369b\" data-element_type=\"widget\" data-e-type=\"widget\" data-widget_type=\"heading.default\">\n\t\t\t\t<div class=\"elementor-widget-container\">\n\t\t\t\t\t<h3 class=\"elementor-heading-title elementor-size-default\">St\u00e1ty Evropsk\u00e9 unie + Island, Lichten\u0161tejnsko, Norsko a Velk\u00e1 Brit\u00e1nie<\/h3>\t\t\t\t<\/div>\n\t\t\t\t<\/div>\n\t\t\t\t<div class=\"elementor-element elementor-element-d4724b8 elementor-widget elementor-widget-text-editor\" data-id=\"d4724b8\" data-element_type=\"widget\" data-e-type=\"widget\" data-widget_type=\"text-editor.default\">\n\t\t\t\t<div class=\"elementor-widget-container\">\n\t\t\t\t\t\t\t\t\t<p>V r\u00e1mci EHP (st\u00e1ty Evropsk\u00e9 Unie + Island, Lichten\u0161tejnsko, Norsko a Velk\u00e1 Brit\u00e1nie) je to jednoduch\u00e9. <strong>Tady vyu\u017e\u00edv\u00e1\u0161 slu\u017eby jako doma.<\/strong> Tedy vol\u00e1n\u00ed, SMS i data. Pro data v roamingu m\u016f\u017ee m\u00edt ka\u017ed\u00fd oper\u00e1tor pro ka\u017ed\u00fd tarif jin\u00fd limit, Nicm\u00e9n\u011b, sta\u010d\u00ed si u oper\u00e1tora ov\u011b\u0159it, jak\u00fd limit m\u00e1\u0161 k dispozici a m\u016f\u017ee\u0161 vyrazit na cestu. Nemus\u00ed\u0161 se p\u0159i vyu\u017e\u00edv\u00e1n\u00ed slu\u017eeb b\u00e1t, \u017ee pak zaplat\u00ed\u0161 majlant.<\/p>\t\t\t\t\t\t\t\t<\/div>\n\t\t\t\t<\/div>\n\t\t\t\t<div class=\"elementor-element elementor-element-74918d1 elementor-widget elementor-widget-heading\" data-id=\"74918d1\" data-element_type=\"widget\" data-e-type=\"widget\" data-widget_type=\"heading.default\">\n\t\t\t\t<div class=\"elementor-widget-container\">\n\t\t\t\t\t<h3 class=\"elementor-heading-title elementor-size-default\">Ostatn\u00ed zem\u011b sv\u011bta<\/h3>\t\t\t\t<\/div>\n\t\t\t\t<\/div>\n\t\t\t\t<div class=\"elementor-element elementor-element-7bba559 elementor-widget elementor-widget-text-editor\" data-id=\"7bba559\" data-element_type=\"widget\" data-e-type=\"widget\" data-widget_type=\"text-editor.default\">\n\t\t\t\t<div class=\"elementor-widget-container\">\n\t\t\t\t\t\t\t\t\t<p>Mimo Evropsk\u00fd hospod\u00e1\u0159sk\u00fd prostor (EHP) je to u\u017e s daty, vol\u00e1n\u00edm i SMSkami trochu komplikovan\u011bj\u0161\u00ed a dra\u017e\u0161\u00ed. Jedn\u00e1 se o druhou a t\u0159et\u00ed roamingovou z\u00f3nu, a proto jsou i ceny \u00fapln\u011b v jin\u00e9 dimenzi.\u00a0<\/p><p>\u010castokr\u00e1t naraz\u00ed\u0161 na doporu\u010den\u00ed, koupit si na leti\u0161ti m\u00edstn\u00ed SIM kartu a vyu\u017e\u00edvat ji. Ur\u010dit\u011b to nen\u00ed \u0161patn\u00fd n\u00e1pad, nicm\u00e9n\u011b pak nem\u00e1\u0161 dostupn\u00e9 sv\u00e9 telefonn\u00ed \u010d\u00edslo. Pro n\u011bkoho m\u016f\u017ee ale tato cesta b\u00fdt snaz\u0161\u00ed. Ale b\u011bhat po obchodech a sh\u00e1n\u011bt a \u0159e\u0161it data, to nen\u00ed nic pro m\u011b.<\/p><p>Doba pokro\u010dila a telefony m\u00edsto klasick\u00e9 SIM karty vyu\u017e\u00edvaj\u00ed eSIM. Nab\u00edz\u00ed se tedy r\u016fzn\u00e9 aplikace, ve kter\u00fdch si jde pr\u00e1v\u011b datovou eSIM po\u0159\u00eddit a nainstalovat do telefonu.\u00a0<\/p>\t\t\t\t\t\t\t\t<\/div>\n\t\t\t\t<\/div>\n\t\t\t\t<div class=\"elementor-element elementor-element-25dd9f4 elementor-widget elementor-widget-heading\" data-id=\"25dd9f4\" data-element_type=\"widget\" data-e-type=\"widget\" data-widget_type=\"heading.default\">\n\t\t\t\t<div class=\"elementor-widget-container\">\n\t\t\t\t\t<h2 class=\"elementor-heading-title elementor-size-default\">Aplikace Airalo<\/h2>\t\t\t\t<\/div>\n\t\t\t\t<\/div>\n\t\t\t\t<div class=\"elementor-element elementor-element-f27cf65 elementor-widget elementor-widget-image\" data-id=\"f27cf65\" data-element_type=\"widget\" data-e-type=\"widget\" data-widget_type=\"image.default\">\n\t\t\t\t<div class=\"elementor-widget-container\">\n\t\t\t\t\t\t\t\t\t\t\t\t\t\t\t<img decoding=\"async\" width=\"150\" height=\"150\" src=\"https:\/\/florinacestach.cz\/wp-content\/uploads\/2025\/06\/airalo_1-150x150.jpg\" class=\"attachment-thumbnail size-thumbnail wp-image-12879\" alt=\"Aplikace Airalo, jak na data v zahrani\u010d\u00ed? Z\u00edskej slevu s k\u00f3dem STANIS0407\" \/>\t\t\t\t\t\t\t\t\t\t\t\t\t\t\t<\/div>\n\t\t\t\t<\/div>\n\t\t\t\t<div class=\"elementor-element elementor-element-f6bc8fa elementor-widget elementor-widget-text-editor\" data-id=\"f6bc8fa\" data-element_type=\"widget\" data-e-type=\"widget\" data-widget_type=\"text-editor.default\">\n\t\t\t\t<div class=\"elementor-widget-container\">\n\t\t\t\t\t\t\t\t\t<p>Velmi dobr\u00e9 zku\u0161enosti m\u00e1m s aplikac\u00ed Airalo. Sta\u010d\u00ed si ji st\u00e1hnout a nainstalovat do telefonu z ofici\u00e1ln\u00edch market\u016f (<a href=\"https:\/\/play.google.com\/store\/search?q=airalo&amp;c=apps&amp;hl=cs&amp;gl=US\" target=\"_blank\" rel=\"noopener\">Google Play<\/a>, <a href=\"https:\/\/apps.apple.com\/cz\/app\/airalo-internet-p%C5%99es-esim\/id1475911720?l=cs\" target=\"_blank\" rel=\"noopener\">App store<\/a>), ud\u011blat kr\u00e1tkou registraci, p\u0159idat platebn\u00ed kartu a m\u016f\u017ee\u0161 nakupovat <b>datov\u00e9 eSIM z cel\u00e9ho sv\u011bta<\/b>.<\/p><p>Pokud chce\u0161 u\u0161et\u0159it, pou\u017eij p\u0159i prvn\u00edm n\u00e1kupu slevov\u00fd k\u00f3d <span style=\"text-decoration: underline;\"><strong>STANIS0407<\/strong><\/span>. <strong>U\u0161et\u0159\u00ed\u0161 3 dolary<\/strong> z jak\u00e9hokoliv bal\u00ed\u010dku a Airalo je pak p\u0159ip\u00ed\u0161e i m\u011b (d\u011bkuju).<\/p>\t\t\t\t\t\t\t\t<\/div>\n\t\t\t\t<\/div>\n\t\t\t\t<div class=\"elementor-element elementor-element-3cf671d elementor-widget elementor-widget-heading\" data-id=\"3cf671d\" data-element_type=\"widget\" data-e-type=\"widget\" data-widget_type=\"heading.default\">\n\t\t\t\t<div class=\"elementor-widget-container\">\n\t\t\t\t\t<h3 class=\"elementor-heading-title elementor-size-default\">Jak Airalo funguje?<\/h3>\t\t\t\t<\/div>\n\t\t\t\t<\/div>\n\t\t\t\t<div class=\"elementor-element elementor-element-25235c2 elementor-widget elementor-widget-text-editor\" data-id=\"25235c2\" data-element_type=\"widget\" data-e-type=\"widget\" data-widget_type=\"text-editor.default\">\n\t\t\t\t<div class=\"elementor-widget-container\">\n\t\t\t\t\t\t\t\t\t<p>Jednodu\u0161e. <strong>Sta\u010d\u00ed \u010d\u00edst<\/strong> a aplikace t\u011b sama provede n\u00e1kupem i zprovozn\u011bn\u00edm eSIM. V\u00fdhodou tak\u00e9 je, \u017ee si eSIM m\u016f\u017ee\u0161 koupit a nainstalovat u\u017e doma. Bal\u00ed\u010dek pak za\u010dne b\u011b\u017eet a\u017e od doby, kdy se v zahrani\u010d\u00ed p\u0159ipoj\u00ed\u0161 do s\u00edt\u011b.<\/p><ol><li><strong>Vybere\u0161 zemi<\/strong>, do kter\u00e9 cestuje\u0161.<\/li><li><strong>Zvol\u00ed\u0161 datov\u00fd bal\u00ed\u010dek<\/strong>, kter\u00fd ti bude nejv\u00edc vyhovovat. V\u017edy se d\u00edvej na velikost datov\u00e9ho bal\u00ed\u010dku a jeho platnost.<\/li><li>Klikni na Koupit te\u010f a zobraz\u00ed se ti <strong>detail bal\u00ed\u010dku<\/strong> a pak tak\u00e9 mo\u017enosti, kter\u00fdmi jde bal\u00ed\u010dek v pr\u016fb\u011bhu vyu\u017e\u00edv\u00e1n\u00ed navy\u0161ovat, pokud bys z\u00e1kladn\u00ed data vy\u010derpal.<\/li><li>P\u0159e\u010dti si tak\u00e9 <strong>Dal\u0161\u00ed informace<\/strong>, kde se dozv\u00ed\u0161 detaily bal\u00ed\u010dku, kde ho m\u016f\u017ee\u0161 vyu\u017e\u00edvat, v jak\u00e9 s\u00edti a i p\u0159\u00edpadn\u011b to, co bude pot\u0159eba ud\u011blat (nap\u0159\u00edklad ov\u011b\u0159en\u00ed toto\u017enosti v n\u011bkter\u00fdch zem\u00edch).<\/li><li>\u00a0Vybran\u00fd bal\u00ed\u010dek <strong>kup<\/strong> kliknut\u00edm na tla\u010d\u00edtko Koupit te\u010f a <strong>zapla\u0165<\/strong> ho platebn\u00ed kartou.<\/li><li><strong>D\u00e1l pozorn\u011b \u010dti v\u0161e, co ti aplikace p\u00ed\u0161e.<\/strong> V dal\u0161\u00edch kroc\u00edch t\u011b navede na instalaci eSIM a nastaven\u00ed telefonu. Obvykle bude\u0161 v nastaven\u00ed vyp\u00ednat datov\u00fd roaming u sv\u00e9ho telefonn\u00edho \u010d\u00edsla, zap\u00ednat ho u nov\u011b koupen\u00e9 eSIM. V nastaven\u00ed mobiln\u00edch dat bude\u0161 volit, kter\u00e1 eSIM se m\u00e1 vyu\u017e\u00edvat pro vol\u00e1n\u00ed, SMS a kter\u00e1 pro data. A mo\u017en\u00e1 bude\u0161 muset v nastaven\u00ed telefonu upravit n\u00e1zvy p\u0159\u00edstupov\u00fdch bod\u016f pro novou eSIM. Ale k tomu v\u0161emu t\u011b aplikace sama navede. V\u0161e je pops\u00e1no v \u010de\u0161tin\u011b.<\/li><li>Po instalaci pak p\u0159\u00edmo v aplikaci vid\u00ed\u0161, jak eSIM vyu\u017e\u00edv\u00e1\u0161, kolik v\u00e1\u0161 vy\u010derpan\u00fdch dat a kolik ti je\u0161t\u011b zb\u00fdv\u00e1.<\/li><\/ol><p>D\u00edky eSIM z Airala vyu\u017e\u00edv\u00e1\u0161 data v zahrani\u010d\u00ed pr\u00e1v\u011b na t\u00e9to eSIM a tv\u00e9 \u010desk\u00e9 \u010d\u00edslo je pro hovory a SMS zpr\u00e1vy i nad\u00e1le dostupn\u00e9. Nicm\u00e9n\u011b, ve druh\u00e9 a t\u0159et\u00ed roamingov\u00e9 z\u00f3n\u011b bych pro vol\u00e1n\u00ed i zpr\u00e1vy vyu\u017e\u00edval sp\u00ed\u0161 dal\u0161\u00ed aplikace. Nap\u0159\u00edklad WhatsApp \u010di Instagram, kde se d\u00e1 jednodu\u0161e volat i ps\u00e1t p\u0159es datov\u00fd bal\u00ed\u010dek.<\/p>\t\t\t\t\t\t\t\t<\/div>\n\t\t\t\t<\/div>\n\t\t\t\t<div class=\"elementor-element elementor-element-a823127 elementor-widget elementor-widget-text-editor\" data-id=\"a823127\" data-element_type=\"widget\" data-e-type=\"widget\" data-widget_type=\"text-editor.default\">\n\t\t\t\t<div class=\"elementor-widget-container\">\n\t\t\t\t\t\t\t\t\t<div data-draftjs-conductor-fragment=\"{&quot;blocks&quot;:[{&quot;key&quot;:&quot;54k7l&quot;,&quot;text&quot;:&quot;Ano. Za m\u011b jednozna\u010dn\u011b. Nav\u0161t\u00edvit New York o\u00a0V\u00e1noc\u00edch podle m\u00e9ho n\u00e1zoru stoj\u00ed za to. Uvid\u00ed\u0161 kr\u00e1snou v\u00fdzdobu a\u00a0u\u017eije\u0161 si neopakovatelnou atmosf\u00e9ru (pokud teda p\u0159ekon\u00e1\u0161 ty tis\u00edce dal\u0161\u00edch lid\u00ed). Po\u010d\u00edtej s\u00a0t\u00edm, \u017ee to bude nejsp\u00ed\u0161 dra\u017e\u0161\u00ed dovolen\u00e1, i\u00a0co se t\u00fdk\u00e1 ubytov\u00e1n\u00ed, tak mi p\u0159ijde, \u017ee jsou V\u00e1noce a\u00a0Nov\u00fd rok nejdra\u017e\u0161\u00ed obdob\u00ed v\u00a0roce. Ale co dnes drah\u00e9 nen\u00ed, \u017ee jo. Tohle je ur\u010dit\u011b z\u00e1\u017eitek, kter\u00fd ti z\u016fstane.&quot;,&quot;type&quot;:&quot;paragraph&quot;,&quot;depth&quot;:0,&quot;inlineStyleRanges&quot;:[{&quot;offset&quot;:72,&quot;length&quot;:11,&quot;style&quot;:&quot;BOLD&quot;},{&quot;offset&quot;:120,&quot;length&quot;:25,&quot;style&quot;:&quot;BOLD&quot;},{&quot;offset&quot;:364,&quot;length&quot;:41,&quot;style&quot;:&quot;BOLD&quot;}],&quot;entityRanges&quot;:[],&quot;data&quot;:{&quot;componentId&quot;:&quot;670d0735cb5af129be872286&quot;}},{&quot;key&quot;:&quot;fb6rj&quot;,&quot;text&quot;:&quot;J\u00e1 jsem krom\u011b t\u011bchto v\u00e1no\u010dn\u00edch m\u00edst nav\u0161t\u00edvil taky na vyhl\u00eddky v\u00a0mrakodrapech, vyrazil na muzik\u00e1l do divadla a\u00a0 tak\u00e9 do muze\u00ed. Tak\u017ee nejen V\u00e1noce jsem si tady dost u\u017eil. Klidn\u011b mrkni na video v\u00a0\u00favodu, tam je vlastn\u011b v\u0161e.&quot;,&quot;type&quot;:&quot;paragraph&quot;,&quot;depth&quot;:0,&quot;inlineStyleRanges&quot;:[],&quot;entityRanges&quot;:[],&quot;data&quot;:{&quot;componentId&quot;:&quot;670d0735cb5af129be872287&quot;}},{&quot;key&quot;:&quot;9hr6c&quot;,&quot;text&quot;:&quot;Zaj\u00edmal m\u011b taky Silvestr na Times Square, ale kdy\u017e jsem v\u00edc a\u00a0v\u00edc hledal, jak to tady prob\u00edh\u00e1, tak jsem si to rychle rozmyslel. P\u0159esto sem desetitis\u00edce lid\u00ed t\u00e1hne. Ale o\u00a0tom se rozep\u00ed\u0161u zase v\u00a0jin\u00e9m \u010dl\u00e1nku.&quot;,&quot;type&quot;:&quot;paragraph&quot;,&quot;depth&quot;:0,&quot;inlineStyleRanges&quot;:[{&quot;offset&quot;:16,&quot;length&quot;:24,&quot;style&quot;:&quot;BOLD&quot;}],&quot;entityRanges&quot;:[],&quot;data&quot;:{&quot;componentId&quot;:&quot;670d0735cb5af129be872288&quot;}}],&quot;entityMap&quot;:{}}\"><div class=\"\" data-block=\"true\" data-editor=\"14qmr\" data-offset-key=\"38tg9-0-0\"><div class=\"public-DraftStyleDefault-block public-DraftStyleDefault-ltr\" data-offset-key=\"38tg9-0-0\"><strong>D\u011bkuju za p\u0159e\u010dten\u00ed<\/strong> a pro dal\u0161\u00ed cestovatelsk\u00e9 tipy, fotky a videa m\u011b <strong>nezapome\u0148 sledovat<\/strong> na m\u00e9m\u00a0<strong><a href=\"https:\/\/www.instagram.com\/flori_prg\/\" target=\"_blank\" rel=\"noopener\">Instagramu<\/a> <\/strong>a <strong><a href=\"https:\/\/www.youtube.com\/@florianek83\" target=\"_blank\" rel=\"noopener\">YouTube kan\u00e1lu<\/a><\/strong>.\u00a0<\/div><\/div><\/div>\t\t\t\t\t\t\t\t<\/div>\n\t\t\t\t<\/div>\n\t\t\t\t\t<\/div>\n\t\t<\/div>\n\t\t\t\t\t<\/div>\n\t\t<\/section>\n\t\t\t\t<\/div>\n\t\t","protected":false},"excerpt":{"rendered":"<p>Mobiln\u00ed data v zahrani\u010d\u00ed Osobn\u011b si cestov\u00e1n\u00ed bez mobiln\u00edho telefonu a mobiln\u00edch dat nedok\u00e1\u017eu moc p\u0159edstavit. A\u0165 u\u017e pro vyu\u017e\u00edv\u00e1n\u00ed mapy a navigace, nebo pro spojen\u00ed s rodinou \u010di soci\u00e1ln\u00ed s\u00edt\u011b.\u00a0 https:\/\/youtube.com\/shorts\/ouVfJYPhozE?feature=share St\u00e1ty Evropsk\u00e9 unie + Island, Lichten\u0161tejnsko, Norsko a Velk\u00e1 Brit\u00e1nie V r\u00e1mci EHP (st\u00e1ty Evropsk\u00e9 Unie + Island, Lichten\u0161tejnsko, Norsko a Velk\u00e1 Brit\u00e1nie) [&hellip;]<\/p>\n","protected":false},"author":1,"featured_media":0,"parent":0,"menu_order":0,"comment_status":"closed","ping_status":"closed","template":"","meta":{"footnotes":""},"class_list":["post-8090","page","type-page","status-publish","hentry"],"blocksy_meta":[],"_links":{"self":[{"href":"https:\/\/florinacestach.cz\/en\/wp-json\/wp\/v2\/pages\/8090","targetHints":{"allow":["GET"]}}],"collection":[{"href":"https:\/\/florinacestach.cz\/en\/wp-json\/wp\/v2\/pages"}],"about":[{"href":"https:\/\/florinacestach.cz\/en\/wp-json\/wp\/v2\/types\/page"}],"author":[{"embeddable":true,"href":"https:\/\/florinacestach.cz\/en\/wp-json\/wp\/v2\/users\/1"}],"replies":[{"embeddable":true,"href":"https:\/\/florinacestach.cz\/en\/wp-json\/wp\/v2\/comments?post=8090"}],"version-history":[{"count":0,"href":"https:\/\/florinacestach.cz\/en\/wp-json\/wp\/v2\/pages\/8090\/revisions"}],"wp:attachment":[{"href":"https:\/\/florinacestach.cz\/en\/wp-json\/wp\/v2\/media?parent=8090"}],"curies":[{"name":"wp","href":"https:\/\/api.w.org\/{rel}","templated":true}]}}