{"id":8088,"date":"2024-03-15T19:15:53","date_gmt":"2024-03-15T19:15:53","guid":{"rendered":"https:\/\/florinacestach.cz\/?page_id=8088"},"modified":"2025-06-13T12:02:15","modified_gmt":"2025-06-13T12:02:15","slug":"tip_ubytovani","status":"publish","type":"page","link":"https:\/\/florinacestach.cz\/en\/tip_ubytovani\/","title":{"rendered":"How to book accommodation \u2013 Travel tips"},"content":{"rendered":"\t\t<div data-elementor-type=\"wp-page\" data-elementor-id=\"8088\" class=\"elementor elementor-8088\">\n\t\t\t\t\t\t<section class=\"elementor-section elementor-top-section elementor-element elementor-element-7bcfa86 elementor-section-boxed elementor-section-height-default elementor-section-height-default\" data-id=\"7bcfa86\" data-element_type=\"section\" data-e-type=\"section\">\n\t\t\t\t\t\t<div class=\"elementor-container elementor-column-gap-default\">\n\t\t\t\t\t<div class=\"elementor-column elementor-col-100 elementor-top-column elementor-element elementor-element-d717527\" data-id=\"d717527\" data-element_type=\"column\" data-e-type=\"column\">\n\t\t\t<div class=\"elementor-widget-wrap elementor-element-populated\">\n\t\t\t\t\t\t<div class=\"elementor-element elementor-element-ee8785e elementor-widget elementor-widget-heading\" data-id=\"ee8785e\" data-element_type=\"widget\" data-e-type=\"widget\" data-widget_type=\"heading.default\">\n\t\t\t\t<div class=\"elementor-widget-container\">\n\t\t\t\t\t<h1 class=\"elementor-heading-title elementor-size-default\">Rezervace ubytov\u00e1n\u00ed<\/h1>\t\t\t\t<\/div>\n\t\t\t\t<\/div>\n\t\t\t\t<div class=\"elementor-element elementor-element-b8238bf elementor-widget elementor-widget-text-editor\" data-id=\"b8238bf\" data-element_type=\"widget\" data-e-type=\"widget\" data-widget_type=\"text-editor.default\">\n\t\t\t\t<div class=\"elementor-widget-container\">\n\t\t\t\t\t\t\t\t\t<p>Rezervace ubytov\u00e1n\u00ed nen\u00ed \u017e\u00e1dn\u00e1 velk\u00e1 v\u011bda. Je dostupn\u00fdch plno internetov\u00fdch str\u00e1nek, kde se d\u00e1 kvalitn\u00ed ubytov\u00e1n\u00ed zajistit.<strong> Na co si ale d\u00e1t pozor?<\/strong><\/p>\t\t\t\t\t\t\t\t<\/div>\n\t\t\t\t<\/div>\n\t\t\t\t<div class=\"elementor-element elementor-element-a74724c elementor-widget elementor-widget-heading\" data-id=\"a74724c\" data-element_type=\"widget\" data-e-type=\"widget\" data-widget_type=\"heading.default\">\n\t\t\t\t<div class=\"elementor-widget-container\">\n\t\t\t\t\t<h2 class=\"elementor-heading-title elementor-size-default\">Kdy rezervovat ubytov\u00e1n\u00ed<\/h2>\t\t\t\t<\/div>\n\t\t\t\t<\/div>\n\t\t\t\t<div class=\"elementor-element elementor-element-2854ead elementor-widget elementor-widget-text-editor\" data-id=\"2854ead\" data-element_type=\"widget\" data-e-type=\"widget\" data-widget_type=\"text-editor.default\">\n\t\t\t\t<div class=\"elementor-widget-container\">\n\t\t\t\t\t\t\t\t\t<p>V\u017edycky kdy\u017e si pl\u00e1nuju n\u011bjakou cestu, nejd\u0159\u00edv hled\u00e1m letenky a pak zji\u0161\u0165uju ceny ubytov\u00e1n\u00ed v dan\u00e9 destinaci v term\u00edn, kdy sem chci p\u0159ibli\u017en\u011b let\u011bt. A to je\u0161t\u011b p\u0159edt\u00edm ne\u017e cokoliv koup\u00edm. Pro\u010d?<\/p><p>Je to jednoduch\u00e9. M\u016f\u017ee se toti\u017e st\u00e1t, \u017ee sice se\u017eenu super extra levn\u00e9 letenky na n\u011bjak\u00e9 skv\u011bl\u00e9 m\u00edsto, ale s ubytov\u00e1n\u00edm to bude hor\u0161\u00ed. Nebude dostupn\u00e9 v m\u00edstech, kde bych si p\u0159edstavoval, nebo bude st\u00e1t majlant. A to jsou pak i ty par\u00e1dn\u00ed letenky v\u00ed\u0161 k \u010demu&#8230;.<\/p><p>Tak\u017ee jednoduch\u00e1 rada. <strong>Nic nekupuj, dokud si v\u0161echno nezjist\u00ed\u0161<\/strong>. Naklikat a zaplatit je pak u\u017e jednoduch\u00e9.\u00a0<\/p>\t\t\t\t\t\t\t\t<\/div>\n\t\t\t\t<\/div>\n\t\t\t\t<div class=\"elementor-element elementor-element-ddfd4b0 elementor-widget elementor-widget-heading\" data-id=\"ddfd4b0\" data-element_type=\"widget\" data-e-type=\"widget\" data-widget_type=\"heading.default\">\n\t\t\t\t<div class=\"elementor-widget-container\">\n\t\t\t\t\t<h2 class=\"elementor-heading-title elementor-size-default\">Kde rezervovat ubytov\u00e1n\u00ed<\/h2>\t\t\t\t<\/div>\n\t\t\t\t<\/div>\n\t\t\t\t<div class=\"elementor-element elementor-element-aee8e27 elementor-widget elementor-widget-text-editor\" data-id=\"aee8e27\" data-element_type=\"widget\" data-e-type=\"widget\" data-widget_type=\"text-editor.default\">\n\t\t\t\t<div class=\"elementor-widget-container\">\n\t\t\t\t\t\t\t\t\t<p>Str\u00e1nek na internetu, kter\u00e9 nab\u00edz\u00ed rezervace hotel\u016f po cel\u00e9m sv\u011bt\u011b, by se dalo naj\u00edt nespo\u010det. Osobn\u011b ale vyu\u017e\u00edv\u00e1m pravd\u011bpodobn\u011b ty nej\u010dast\u011bj\u0161\u00ed &#8211; <a href=\"https:\/\/www.booking.com\/\" target=\"_blank\" rel=\"noopener\">booking.com<\/a> a <a href=\"https:\/\/www.airbnb.cz\/\" target=\"_blank\" rel=\"noopener\">airbnb.com<\/a>. M\u00e1m s nimi dobr\u00e9 zku\u0161enosti, a to jak s rezervac\u00ed, platbou, tak vr\u00e1cen\u00edm pen\u011bz p\u0159i zru\u0161en\u00ed ubytov\u00e1n\u00ed. A i kdy\u017e jsem s bookingem \u0159e\u0161il jedno vracen\u00ed pen\u011bz z d\u016fvodu storna hotelem del\u0161\u00ed dobu, z\u00e1kaznick\u00fd servis bookingu nakonec v\u0161e dok\u00e1zal vy\u0159e\u0161it k m\u00e9 spokojenosti.<\/p>\t\t\t\t\t\t\t\t<\/div>\n\t\t\t\t<\/div>\n\t\t\t\t<div class=\"elementor-element elementor-element-f5f19d0 elementor-widget elementor-widget-heading\" data-id=\"f5f19d0\" data-element_type=\"widget\" data-e-type=\"widget\" data-widget_type=\"heading.default\">\n\t\t\t\t<div class=\"elementor-widget-container\">\n\t\t\t\t\t<h4 class=\"elementor-heading-title elementor-size-default\">V jak\u00e9 lokalit\u011b ubytov\u00e1n\u00ed rezervovat<\/h4>\t\t\t\t<\/div>\n\t\t\t\t<\/div>\n\t\t\t\t<div class=\"elementor-element elementor-element-2164f29 elementor-widget elementor-widget-text-editor\" data-id=\"2164f29\" data-element_type=\"widget\" data-e-type=\"widget\" data-widget_type=\"text-editor.default\">\n\t\t\t\t<div class=\"elementor-widget-container\">\n\t\t\t\t\t\t\t\t\t<p>I tady p\u0159id\u00e1m vlastn\u00ed zku\u0161enost. J\u00e1 nechci ztr\u00e1cet \u010das zbyte\u010dn\u00fdm p\u0159ej\u00ed\u017ed\u011bn\u00edm a doj\u00ed\u017ed\u011bn\u00edm a navy\u0161ovat si tak n\u00e1klady. Proto je\u0161t\u011b p\u0159edt\u00edm, ne\u017e si ubytov\u00e1n\u00ed rezervuju, tak si zjist\u00edm, co chci v dan\u00e9 lokalit\u011b vid\u011bt a kam se chci pod\u00edvat. \u010castokr\u00e1t si ta m\u00edsta vyzna\u010d\u00edm p\u0159\u00edmo v <a href=\"https:\/\/www.google.com\/maps\/\" target=\"_blank\" rel=\"noopener\">Google Maps<\/a> a ubytov\u00e1n\u00ed pak c\u00edl\u00edm pobl\u00ed\u017e t\u011bchto m\u00edst.<\/p><p>V\u00fdhodou pak je, \u017ee \u010dastokr\u00e1t nemus\u00edm \u0159e\u0161it MHD, m\u016f\u017eu do ubytov\u00e1n\u00ed p\u0159ij\u00edt p\u011b\u0161ky atd.\u00a0<\/p>\t\t\t\t\t\t\t\t<\/div>\n\t\t\t\t<\/div>\n\t\t\t\t<div class=\"elementor-element elementor-element-7371135 elementor-widget elementor-widget-text-editor\" data-id=\"7371135\" data-element_type=\"widget\" data-e-type=\"widget\" data-widget_type=\"text-editor.default\">\n\t\t\t\t<div class=\"elementor-widget-container\">\n\t\t\t\t\t\t\t\t\t<p>Je ale taky dobr\u00e9 si danou lokalitu zkusit vygooglit a mrknout, jestli nen\u00ed v n\u011bjak\u00e9 nebezpe\u010dn\u00e9 \u010dtvrti, \u010dtvrti pln\u00e9 narkoman\u016f nebo bezdomovc\u016f.\u00a0<\/p>\t\t\t\t\t\t\t\t<\/div>\n\t\t\t\t<\/div>\n\t\t\t\t<div class=\"elementor-element elementor-element-c2a7933 elementor-widget elementor-widget-heading\" data-id=\"c2a7933\" data-element_type=\"widget\" data-e-type=\"widget\" data-widget_type=\"heading.default\">\n\t\t\t\t<div class=\"elementor-widget-container\">\n\t\t\t\t\t<h2 class=\"elementor-heading-title elementor-size-default\">Jak\u00e9 ubytov\u00e1n\u00ed vyb\u00edrat<\/h2>\t\t\t\t<\/div>\n\t\t\t\t<\/div>\n\t\t\t\t<div class=\"elementor-element elementor-element-a7db721 elementor-widget elementor-widget-text-editor\" data-id=\"a7db721\" data-element_type=\"widget\" data-e-type=\"widget\" data-widget_type=\"text-editor.default\">\n\t\t\t\t<div class=\"elementor-widget-container\">\n\t\t\t\t\t\t\t\t\t<p>To u\u017e z\u00e1le\u017e\u00ed jenom na tom, <strong>jak\u00e9 pohodl\u00ed pot\u0159ebuje\u0161<\/strong>. Pop\u0159em\u00fd\u0161lej v\u017edycky nad t\u00edm, kolik \u010dasu tady bude\u0161 tr\u00e1vit. J\u00e1 osobn\u011b m\u00e1m ubytov\u00e1n\u00ed doslova jen na p\u0159esp\u00e1n\u00ed. Proto si nepotrp\u00edm na \u017e\u00e1dn\u00fd luxus, za kter\u00fd bych p\u0159ipl\u00e1cel. Ani moc ne\u0159e\u0161\u00edm, jestli je ubytov\u00e1n\u00ed s j\u00eddlem nebo bez. I kdy\u017e sn\u00eddan\u011b jsou fajn. Pokud pl\u00e1nuje\u0161 pozn\u00e1v\u00e1n\u00ed m\u011bsta\/okol\u00ed, pak asi nebude\u0161 do hotelu b\u011bhat na ob\u011bd, \u017ee jo.<\/p><p>Co ale doporu\u010duju, <strong>p\u0159e\u010dti si recenze<\/strong>. A to nejen na str\u00e1nk\u00e1ch, kde d\u011bl\u00e1\u0161 rezervaci. Vybran\u00fd hotel si najdi t\u0159eba na map\u00e1ch, tripadvisoru nebo kdekoliv jinde a pod\u00edvej se na nejnov\u011bj\u0161\u00ed recenze. \u010castokr\u00e1t se ubytov\u00e1n\u00ed na rezerva\u010dn\u00edch str\u00e1nk\u00e1ch tv\u00e1\u0159\u00ed, \u017ee je fajn, ale pak v recenz\u00edch objev\u00ed\u0161 nejr\u016fzn\u011bj\u0161\u00ed hr\u016fzy, kter\u00e9 t\u011b odrad\u00ed.\u00a0<\/p>\t\t\t\t\t\t\t\t<\/div>\n\t\t\t\t<\/div>\n\t\t\t\t<div class=\"elementor-element elementor-element-9690b20 elementor-widget elementor-widget-heading\" data-id=\"9690b20\" data-element_type=\"widget\" data-e-type=\"widget\" data-widget_type=\"heading.default\">\n\t\t\t\t<div class=\"elementor-widget-container\">\n\t\t\t\t\t<h3 class=\"elementor-heading-title elementor-size-default\">Storno rezervace<\/h3>\t\t\t\t<\/div>\n\t\t\t\t<\/div>\n\t\t\t\t<div class=\"elementor-element elementor-element-f889ae3 elementor-widget elementor-widget-text-editor\" data-id=\"f889ae3\" data-element_type=\"widget\" data-e-type=\"widget\" data-widget_type=\"text-editor.default\">\n\t\t\t\t<div class=\"elementor-widget-container\">\n\t\t\t\t\t\t\t\t\t<p>Tak\u00e9 si p\u0159ed rezervac\u00ed rozmysli, jestli n\u00e1hodou nebude\u0161 pot\u0159ebovat \u0159e\u0161it <strong>storno rezervace<\/strong>. \u010castokr\u00e1t je ubytov\u00e1n\u00ed bez mo\u017enosti storna levn\u011bj\u0161\u00ed, ale \u010dastokr\u00e1t se takov\u00e1 sleva nemus\u00ed vyplatit. Z\u00e1le\u017e\u00ed na tob\u011b. M\u016f\u017ee\u0161 vyb\u00edrat i podle toho, zda je pot\u0159eba zaplatit cel\u00e9 nebo \u010d\u00e1st ubytov\u00e1n\u00ed u\u017e p\u0159i rezervaci, nebo pozd\u011bji, p\u0159\u00edpadn\u011b a\u017e na m\u00edst. Op\u011bt, co ti vyhovuje. J\u00e1 osobn\u011b nem\u00e1m probl\u00e9m ani s t\u00edm, zaplatit rovnou p\u0159i rezervaci. Ale ka\u017ed\u00fd hotel to m\u00e1 jinak a pokud nemus\u00edm platit hned a sta\u010d\u00ed a\u017e na m\u00edst\u011b, je to pro m\u011b ur\u010dit\u011b lep\u0161\u00ed.<\/p><p>P\u0159i vyb\u00edr\u00e1n\u00ed hotelu si dej pozor na <strong>skryt\u00e9 poplatky<\/strong>. T\u0159eba v New Yorku m\u016f\u017ee\u0161 narazit na tzv. rezortn\u00ed poplatek (rezort fee), kter\u00fd je 25 dolar\u016f\/den. Za\u010daly si ho \u00fa\u010dtovat hotely, kter\u00e9 le\u017e\u00ed v lukrativn\u00edch lokalit\u00e1ch (t\u0159eba na Times Square). Skryt\u011b tak navy\u0161uj\u00ed cenu za ubytov\u00e1n\u00ed, ani\u017e by to bylo vid\u011bt na bookingov\u00fdch str\u00e1nk\u00e1ch. Tuto platbu cht\u011bj\u00ed a\u017e na m\u00edst\u011b. A tak\u00e9 pozor na <strong>vratnou z\u00e1lohu<\/strong>, kterou po tob\u011b mohou na n\u011bkter\u00fdch m\u00edstech tak\u00e9 cht\u00edt.<\/p>\t\t\t\t\t\t\t\t<\/div>\n\t\t\t\t<\/div>\n\t\t\t\t<div class=\"elementor-element elementor-element-49e682c elementor-widget elementor-widget-heading\" data-id=\"49e682c\" data-element_type=\"widget\" data-e-type=\"widget\" data-widget_type=\"heading.default\">\n\t\t\t\t<div class=\"elementor-widget-container\">\n\t\t\t\t\t<h2 class=\"elementor-heading-title elementor-size-default\">Co se mi osv\u011bd\u010dilo<\/h2>\t\t\t\t<\/div>\n\t\t\t\t<\/div>\n\t\t\t\t<div class=\"elementor-element elementor-element-afaa772 elementor-widget elementor-widget-text-editor\" data-id=\"afaa772\" data-element_type=\"widget\" data-e-type=\"widget\" data-widget_type=\"text-editor.default\">\n\t\t\t\t<div class=\"elementor-widget-container\">\n\t\t\t\t\t\t\t\t\t<p>Na z\u00e1v\u011br m\u00e1m je\u0161t\u011b p\u00e1r tip\u016f, kter\u00e9 mi dost pomohly vy\u0159e\u0161it n\u011bkter\u00e9 situace.<\/p>\t\t\t\t\t\t\t\t<\/div>\n\t\t\t\t<\/div>\n\t\t\t\t<div class=\"elementor-element elementor-element-a1d6db7 elementor-widget elementor-widget-heading\" data-id=\"a1d6db7\" data-element_type=\"widget\" data-e-type=\"widget\" data-widget_type=\"heading.default\">\n\t\t\t\t<div class=\"elementor-widget-container\">\n\t\t\t\t\t<h3 class=\"elementor-heading-title elementor-size-default\">Rozd\u011blen\u00ed ubytov\u00e1n\u00ed<\/h3>\t\t\t\t<\/div>\n\t\t\t\t<\/div>\n\t\t\t\t<div class=\"elementor-element elementor-element-6d01c49 elementor-widget elementor-widget-text-editor\" data-id=\"6d01c49\" data-element_type=\"widget\" data-e-type=\"widget\" data-widget_type=\"text-editor.default\">\n\t\t\t\t<div class=\"elementor-widget-container\">\n\t\t\t\t\t\t\t\t\t<p>Kdy\u017e jsem byl p\u0159es V\u00e1noce a Nov\u00fd rok v New Yorku a hledal jsem ubytov\u00e1n\u00ed, tak na cel\u00fdch 10 noc\u00ed jich na bookingu bylo jenom p\u00e1r a cenov\u011b za\u010d\u00ednaly hodn\u011b nad 45.000 K\u010d. Na jin\u00fdch str\u00e1nk\u00e1ch to nebylo o moc lep\u0161\u00ed a airbnb bylo nepou\u017eiteln\u00e9 &#8211; NY zrovna zavedl nov\u00fd z\u00e1kon, kter\u00fd airbnb reguluje.\u00a0<\/p><p>Tak\u017ee jsem hledal dv\u011b ubytov\u00e1n\u00ed, ka\u017ed\u00e9 na polovinu noc\u00ed. A najednou byla nab\u00eddka mnohem \u0161ir\u0161\u00ed. Nav\u00edc i ubytov\u00e1n\u00ed, kter\u00e9 bylo od 1. ledna bylo mnohem levn\u011bj\u0161\u00ed. Vyu\u017eil jsem tady airbnb v New Jersey, kter\u00e9 ale bylo jen 8 minut autobusem z Manhattanu a pak ubytov\u00e1n\u00ed p\u0159\u00edmo na Manhattanu na 34. ulici. A m\u00edsto 45.000 K\u010d jsem zaplatil kolem 24.000 K\u010d.<\/p>\t\t\t\t\t\t\t\t<\/div>\n\t\t\t\t<\/div>\n\t\t\t\t<div class=\"elementor-element elementor-element-a609cfe elementor-widget elementor-widget-heading\" data-id=\"a609cfe\" data-element_type=\"widget\" data-e-type=\"widget\" data-widget_type=\"heading.default\">\n\t\t\t\t<div class=\"elementor-widget-container\">\n\t\t\t\t\t<h3 class=\"elementor-heading-title elementor-size-default\">Screenov\u00e1n\u00ed korespondence<\/h3>\t\t\t\t<\/div>\n\t\t\t\t<\/div>\n\t\t\t\t<div class=\"elementor-element elementor-element-753cc74 elementor-widget elementor-widget-text-editor\" data-id=\"753cc74\" data-element_type=\"widget\" data-e-type=\"widget\" data-widget_type=\"text-editor.default\">\n\t\t\t\t<div class=\"elementor-widget-container\">\n\t\t\t\t\t\t\t\t\t<p>Stalo se mi tak\u00e9, \u017ee mi hotel z bookingu zru\u0161il ubytov\u00e1n\u00ed pr\u00e1v\u011b kv\u016fli nov\u00e9mu z\u00e1konu v New Yorku. No a d\u00edky tomu, \u017ee mi nepro\u0161la platba p\u0159es booking a platil jsem p\u0159es platebn\u00ed br\u00e1nu hotelu, kterou mi v soukrom\u00e9 zpr\u00e1v\u011b hotel poslal. Po zru\u0161en\u00ed ubytov\u00e1n\u00ed ze strany hotelu se moc nem\u011bli k vracen\u00ed pen\u011bz. Booking m\u011b odkazoval na hotel, hotel zase na booking. Hotel nakonec p\u0159estal \u00fapln\u011b odpov\u00eddat.<\/p><p>V\u0161echny konverzace jsem si ale pro jistotu screenoval a ukl\u00e1dal. Kdy\u017e uplynula m\u011bs\u00ed\u010dn\u00ed lh\u016fta pro vr\u00e1cen\u00ed pen\u011bz, pou\u017eil jsem v\u0161echny screeny p\u0159i reklamaci na bookingu (spolu s v\u00fdhru\u017ekou, \u017ee budu vr\u00e1cen\u00ed pen\u011bz \u0159e\u0161it s bankou a \u017e\u00e1dat o storno platby). Vy\u0159e\u0161eno pak bylo b\u011bhem t\u0159\u00ed dn\u00ed. Z toho vypl\u00fdv\u00e1 ponau\u010den\u00ed.<\/p>\t\t\t\t\t\t\t\t<\/div>\n\t\t\t\t<\/div>\n\t\t\t\t<div class=\"elementor-element elementor-element-44f4704 elementor-widget elementor-widget-heading\" data-id=\"44f4704\" data-element_type=\"widget\" data-e-type=\"widget\" data-widget_type=\"heading.default\">\n\t\t\t\t<div class=\"elementor-widget-container\">\n\t\t\t\t\t<h3 class=\"elementor-heading-title elementor-size-default\">Nepla\u0165 rezervace mimo str\u00e1nku, kde d\u011bl\u00e1\u0161 rezervaci<\/h3>\t\t\t\t<\/div>\n\t\t\t\t<\/div>\n\t\t\t\t<div class=\"elementor-element elementor-element-aae58e1 elementor-widget elementor-widget-text-editor\" data-id=\"aae58e1\" data-element_type=\"widget\" data-e-type=\"widget\" data-widget_type=\"text-editor.default\">\n\t\t\t\t<div class=\"elementor-widget-container\">\n\t\t\t\t\t\t\t\t\t<p>Pokud plat\u00ed\u0161 za ubytov\u00e1n\u00ed p\u0159edem, pla\u0165 p\u0159\u00edmo p\u0159es port\u00e1l, kde rezervaci d\u011bl\u00e1\u0161. Tak\u017ee pokud d\u011bl\u00e1\u0161 rezervaci na bookingu, pla\u0165 p\u0159es platebn\u00ed br\u00e1nu bookingu. P\u0159edejde\u0161 tak mo\u017en\u00fdm probl\u00e9m\u016fm, kter\u00e9 popisuju t\u0159eba v\u00fd\u0161e.<\/p>\t\t\t\t\t\t\t\t<\/div>\n\t\t\t\t<\/div>\n\t\t\t\t<div class=\"elementor-element elementor-element-8197cf9 elementor-widget elementor-widget-text-editor\" data-id=\"8197cf9\" data-element_type=\"widget\" data-e-type=\"widget\" data-widget_type=\"text-editor.default\">\n\t\t\t\t<div class=\"elementor-widget-container\">\n\t\t\t\t\t\t\t\t\t<div data-draftjs-conductor-fragment=\"{&quot;blocks&quot;:[{&quot;key&quot;:&quot;54k7l&quot;,&quot;text&quot;:&quot;Ano. Za m\u011b jednozna\u010dn\u011b. Nav\u0161t\u00edvit New York o\u00a0V\u00e1noc\u00edch podle m\u00e9ho n\u00e1zoru stoj\u00ed za to. Uvid\u00ed\u0161 kr\u00e1snou v\u00fdzdobu a\u00a0u\u017eije\u0161 si neopakovatelnou atmosf\u00e9ru (pokud teda p\u0159ekon\u00e1\u0161 ty tis\u00edce dal\u0161\u00edch lid\u00ed). Po\u010d\u00edtej s\u00a0t\u00edm, \u017ee to bude nejsp\u00ed\u0161 dra\u017e\u0161\u00ed dovolen\u00e1, i\u00a0co se t\u00fdk\u00e1 ubytov\u00e1n\u00ed, tak mi p\u0159ijde, \u017ee jsou V\u00e1noce a\u00a0Nov\u00fd rok nejdra\u017e\u0161\u00ed obdob\u00ed v\u00a0roce. Ale co dnes drah\u00e9 nen\u00ed, \u017ee jo. Tohle je ur\u010dit\u011b z\u00e1\u017eitek, kter\u00fd ti z\u016fstane.&quot;,&quot;type&quot;:&quot;paragraph&quot;,&quot;depth&quot;:0,&quot;inlineStyleRanges&quot;:[{&quot;offset&quot;:72,&quot;length&quot;:11,&quot;style&quot;:&quot;BOLD&quot;},{&quot;offset&quot;:120,&quot;length&quot;:25,&quot;style&quot;:&quot;BOLD&quot;},{&quot;offset&quot;:364,&quot;length&quot;:41,&quot;style&quot;:&quot;BOLD&quot;}],&quot;entityRanges&quot;:[],&quot;data&quot;:{&quot;componentId&quot;:&quot;670d0735cb5af129be872286&quot;}},{&quot;key&quot;:&quot;fb6rj&quot;,&quot;text&quot;:&quot;J\u00e1 jsem krom\u011b t\u011bchto v\u00e1no\u010dn\u00edch m\u00edst nav\u0161t\u00edvil taky na vyhl\u00eddky v\u00a0mrakodrapech, vyrazil na muzik\u00e1l do divadla a\u00a0 tak\u00e9 do muze\u00ed. Tak\u017ee nejen V\u00e1noce jsem si tady dost u\u017eil. Klidn\u011b mrkni na video v\u00a0\u00favodu, tam je vlastn\u011b v\u0161e.&quot;,&quot;type&quot;:&quot;paragraph&quot;,&quot;depth&quot;:0,&quot;inlineStyleRanges&quot;:[],&quot;entityRanges&quot;:[],&quot;data&quot;:{&quot;componentId&quot;:&quot;670d0735cb5af129be872287&quot;}},{&quot;key&quot;:&quot;9hr6c&quot;,&quot;text&quot;:&quot;Zaj\u00edmal m\u011b taky Silvestr na Times Square, ale kdy\u017e jsem v\u00edc a\u00a0v\u00edc hledal, jak to tady prob\u00edh\u00e1, tak jsem si to rychle rozmyslel. P\u0159esto sem desetitis\u00edce lid\u00ed t\u00e1hne. Ale o\u00a0tom se rozep\u00ed\u0161u zase v\u00a0jin\u00e9m \u010dl\u00e1nku.&quot;,&quot;type&quot;:&quot;paragraph&quot;,&quot;depth&quot;:0,&quot;inlineStyleRanges&quot;:[{&quot;offset&quot;:16,&quot;length&quot;:24,&quot;style&quot;:&quot;BOLD&quot;}],&quot;entityRanges&quot;:[],&quot;data&quot;:{&quot;componentId&quot;:&quot;670d0735cb5af129be872288&quot;}}],&quot;entityMap&quot;:{}}\"><div class=\"\" data-block=\"true\" data-editor=\"14qmr\" data-offset-key=\"38tg9-0-0\"><div class=\"public-DraftStyleDefault-block public-DraftStyleDefault-ltr\" data-offset-key=\"38tg9-0-0\"><strong>D\u011bkuju za p\u0159e\u010dten\u00ed<\/strong> a pro dal\u0161\u00ed cestovatelsk\u00e9 tipy, fotky a videa m\u011b <strong>nezapome\u0148 sledovat<\/strong> na m\u00e9m\u00a0<strong><a href=\"https:\/\/www.instagram.com\/flori_prg\/\" target=\"_blank\" rel=\"noopener\">Instagramu<\/a> <\/strong>a <strong><a href=\"https:\/\/www.youtube.com\/@florianek83\" target=\"_blank\" rel=\"noopener\">YouTube kan\u00e1lu<\/a><\/strong>.\u00a0<\/div><\/div><\/div>\t\t\t\t\t\t\t\t<\/div>\n\t\t\t\t<\/div>\n\t\t\t\t\t<\/div>\n\t\t<\/div>\n\t\t\t\t\t<\/div>\n\t\t<\/section>\n\t\t\t\t<\/div>\n\t\t","protected":false},"excerpt":{"rendered":"<p>Rezervace ubytov\u00e1n\u00ed Rezervace ubytov\u00e1n\u00ed nen\u00ed \u017e\u00e1dn\u00e1 velk\u00e1 v\u011bda. Je dostupn\u00fdch plno internetov\u00fdch str\u00e1nek, kde se d\u00e1 kvalitn\u00ed ubytov\u00e1n\u00ed zajistit. Na co si ale d\u00e1t pozor? Kdy rezervovat ubytov\u00e1n\u00ed V\u017edycky kdy\u017e si pl\u00e1nuju n\u011bjakou cestu, nejd\u0159\u00edv hled\u00e1m letenky a pak zji\u0161\u0165uju ceny ubytov\u00e1n\u00ed v dan\u00e9 destinaci v term\u00edn, kdy sem chci p\u0159ibli\u017en\u011b let\u011bt. A to je\u0161t\u011b [&hellip;]<\/p>\n","protected":false},"author":1,"featured_media":0,"parent":0,"menu_order":0,"comment_status":"closed","ping_status":"closed","template":"","meta":{"footnotes":""},"class_list":["post-8088","page","type-page","status-publish","hentry"],"blocksy_meta":[],"_links":{"self":[{"href":"https:\/\/florinacestach.cz\/en\/wp-json\/wp\/v2\/pages\/8088","targetHints":{"allow":["GET"]}}],"collection":[{"href":"https:\/\/florinacestach.cz\/en\/wp-json\/wp\/v2\/pages"}],"about":[{"href":"https:\/\/florinacestach.cz\/en\/wp-json\/wp\/v2\/types\/page"}],"author":[{"embeddable":true,"href":"https:\/\/florinacestach.cz\/en\/wp-json\/wp\/v2\/users\/1"}],"replies":[{"embeddable":true,"href":"https:\/\/florinacestach.cz\/en\/wp-json\/wp\/v2\/comments?post=8088"}],"version-history":[{"count":0,"href":"https:\/\/florinacestach.cz\/en\/wp-json\/wp\/v2\/pages\/8088\/revisions"}],"wp:attachment":[{"href":"https:\/\/florinacestach.cz\/en\/wp-json\/wp\/v2\/media?parent=8088"}],"curies":[{"name":"wp","href":"https:\/\/api.w.org\/{rel}","templated":true}]}}