{"id":8074,"date":"2024-03-16T17:27:06","date_gmt":"2024-03-16T17:27:06","guid":{"rendered":"https:\/\/florinacestach.cz\/?page_id=8074"},"modified":"2025-06-13T15:05:28","modified_gmt":"2025-06-13T15:05:28","slug":"tip_aplikace","status":"publish","type":"page","link":"https:\/\/florinacestach.cz\/en\/tip_aplikace\/","title":{"rendered":"Useful Apps \u2013 Travel Tips"},"content":{"rendered":"\t\t<div data-elementor-type=\"wp-page\" data-elementor-id=\"8074\" class=\"elementor elementor-8074\">\n\t\t\t\t\t\t<section class=\"elementor-section elementor-top-section elementor-element elementor-element-981df59 elementor-section-boxed elementor-section-height-default elementor-section-height-default\" data-id=\"981df59\" data-element_type=\"section\" data-e-type=\"section\">\n\t\t\t\t\t\t<div class=\"elementor-container elementor-column-gap-default\">\n\t\t\t\t\t<div class=\"elementor-column elementor-col-100 elementor-top-column elementor-element elementor-element-41fa3e1\" data-id=\"41fa3e1\" data-element_type=\"column\" data-e-type=\"column\">\n\t\t\t<div class=\"elementor-widget-wrap elementor-element-populated\">\n\t\t\t\t\t\t<div class=\"elementor-element elementor-element-24221b9 elementor-widget elementor-widget-heading\" data-id=\"24221b9\" data-element_type=\"widget\" data-e-type=\"widget\" data-widget_type=\"heading.default\">\n\t\t\t\t<div class=\"elementor-widget-container\">\n\t\t\t\t\t<h1 class=\"elementor-heading-title elementor-size-default\">U\u017eite\u010dn\u00e9 aplikace na cest\u00e1ch<\/h1>\t\t\t\t<\/div>\n\t\t\t\t<\/div>\n\t\t\t\t<div class=\"elementor-element elementor-element-339bca3 elementor-widget elementor-widget-text-editor\" data-id=\"339bca3\" data-element_type=\"widget\" data-e-type=\"widget\" data-widget_type=\"text-editor.default\">\n\t\t\t\t<div class=\"elementor-widget-container\">\n\t\t\t\t\t\t\t\t\t<p>V dne\u0161n\u00ed dob\u011b mobil a aplikace zna\u010dn\u011b usnad\u0148uj\u00ed cestov\u00e1n\u00ed po cel\u00e9m sv\u011bt\u011b. Dok\u00e1\u017e\u00ed zabavit na leti\u0161ti a v letadle, navedou t\u011b na spr\u00e1vn\u00e1 m\u00edsta, vy\u0159e\u0161\u00ed\u0161 rezervace, objedn\u00e1\u0161 si tax\u00edka, zaplat\u00ed\u0161. Prost\u011b m\u00e1\u0161 v\u0161echno neust\u00e1le po ruce. Bez jak\u00fdch aplikac\u00ed se j\u00e1 neobejdu, a kter\u00e9 doporu\u010duju?<\/p>\t\t\t\t\t\t\t\t<\/div>\n\t\t\t\t<\/div>\n\t\t\t\t<div class=\"elementor-element elementor-element-ae6aa86 elementor-widget elementor-widget-heading\" data-id=\"ae6aa86\" data-element_type=\"widget\" data-e-type=\"widget\" data-widget_type=\"heading.default\">\n\t\t\t\t<div class=\"elementor-widget-container\">\n\t\t\t\t\t<h2 class=\"elementor-heading-title elementor-size-default\">Data v zahrani\u010d\u00ed<\/h2>\t\t\t\t<\/div>\n\t\t\t\t<\/div>\n\t\t\t\t<div class=\"elementor-element elementor-element-19485b1 elementor-widget elementor-widget-text-editor\" data-id=\"19485b1\" data-element_type=\"widget\" data-e-type=\"widget\" data-widget_type=\"text-editor.default\">\n\t\t\t\t<div class=\"elementor-widget-container\">\n\t\t\t\t\t\t\t\t\t<p>Krom\u011b Wi-Fi v hotelech a restaurac\u00edch, je pro m\u011b u\u017e takov\u00fd z\u00e1klad m\u00edt mobiln\u00ed data i v zahrani\u010d\u00ed. Hlavn\u011b pak kv\u016fli online navigaci, soci\u00e1ln\u00edm s\u00edt\u00edm atd. Nekupuju zahrani\u010dn\u00ed SIM na m\u00edst\u011b, ale vyu\u017e\u00edv\u00e1m aplikaci <strong>Airalo<\/strong> (kdy\u017e p\u0159i prvn\u00edm n\u00e1kupu zad\u00e1\u0161 promo k\u00f3d <strong>stanis0407<\/strong>, dostane\u0161 3 dolary slevu). Jak funguje, popisuju v <a href=\"https:\/\/florinacestach.cz\/zahranici_data_airalo\/\" target=\"_blank\" rel=\"noopener\">samostatn\u00e9m \u010dl\u00e1nku<\/a>. V marketech se pak daj\u00ed naj\u00edt i dal\u0161\u00ed aplikace, kter\u00e9 funguj\u00ed na stejn\u00e9m principu, nap\u0159\u00edklad <strong>Nomad<\/strong>.<\/p>\t\t\t\t\t\t\t\t<\/div>\n\t\t\t\t<\/div>\n\t\t\t\t<div class=\"elementor-element elementor-element-9c4d91b elementor-widget elementor-widget-text-editor\" data-id=\"9c4d91b\" data-element_type=\"widget\" data-e-type=\"widget\" data-widget_type=\"text-editor.default\">\n\t\t\t\t<div class=\"elementor-widget-container\">\n\t\t\t\t\t\t\t\t\t<ul><li>Airalo (<a href=\"https:\/\/play.google.com\/store\/search?q=airalo&amp;c=apps\" target=\"_blank\" rel=\"noopener\">Google Play<\/a>, <a href=\"https:\/\/apps.apple.com\/cz\/app\/airalo-internet-p%C5%99es-esim\/id1475911720?l=cs\" target=\"_blank\" rel=\"noopener\">App Store<\/a>)<\/li><li>Nomad (<a href=\"https:\/\/play.google.com\/store\/apps\/details?id=com.lotusflare.nomad.mobile.android&amp;pcampaignid=web_share\" target=\"_blank\" rel=\"noopener\">Google Play<\/a>, <a href=\"https:\/\/apps.apple.com\/cz\/app\/nomad-esim-prepaid-data-plan\/id1521602300?l=cs\" target=\"_blank\" rel=\"noopener\">App Store<\/a>)<\/li><\/ul>\t\t\t\t\t\t\t\t<\/div>\n\t\t\t\t<\/div>\n\t\t\t\t<div class=\"elementor-element elementor-element-7c2be27 elementor-widget elementor-widget-heading\" data-id=\"7c2be27\" data-element_type=\"widget\" data-e-type=\"widget\" data-widget_type=\"heading.default\">\n\t\t\t\t<div class=\"elementor-widget-container\">\n\t\t\t\t\t<h2 class=\"elementor-heading-title elementor-size-default\">Doprava a ubytov\u00e1n\u00ed<\/h2>\t\t\t\t<\/div>\n\t\t\t\t<\/div>\n\t\t\t\t<div class=\"elementor-element elementor-element-c6c14d8 elementor-widget elementor-widget-text-editor\" data-id=\"c6c14d8\" data-element_type=\"widget\" data-e-type=\"widget\" data-widget_type=\"text-editor.default\">\n\t\t\t\t<div class=\"elementor-widget-container\">\n\t\t\t\t\t\t\t\t\t<p>Asi nemus\u00edm \u0159\u00edkat, \u017ee navigace ti pom\u016f\u017ee naj\u00edt jak\u00e9koliv m\u00edsto, kam se chce\u0161 dostat. A to nejen autem, ale i p\u011b\u0161ky. Dokonce si m\u016f\u017ee\u0161 vyhled\u00e1vat turistick\u00e9 mapy, cyklotrasy nebo t\u0159eba MHD. Nav\u00edc si m\u016f\u017ee\u0161 v aplikac\u00edch st\u00e1hnout i offline mapy, kter\u00e9 se m\u016f\u017eou hodit, kdy\u017e nebude\u0161 m\u00edt mobiln\u00ed data, nebo bude\u0161 n\u011bkde na konci sv\u011bta. Ve m\u011bstech se ti pak budou hodit tak\u00e9 taxislu\u017eby. Pro hled\u00e1n\u00ed ubytov\u00e1n\u00ed, p\u0159\u00edpadn\u011b uk\u00e1z\u00e1n\u00ed rezervace na m\u00edst\u011b pak aplikace t\u0159eba booking.com a airbnb.\u00a0<\/p><p>Kdy\u017e n\u011bkam let\u00edm, tak si pak p\u0159ed cestou stahuju aplikace leteck\u00fdch spole\u010dnost\u00ed, se kter\u00fdmi polet\u00edm a pak taky aplikace m\u00edstn\u00edch dopravc\u016f, kter\u00e9 se m\u016f\u017eou hodit.<\/p>\t\t\t\t\t\t\t\t<\/div>\n\t\t\t\t<\/div>\n\t\t\t\t<div class=\"elementor-element elementor-element-8ad6588 elementor-widget elementor-widget-text-editor\" data-id=\"8ad6588\" data-element_type=\"widget\" data-e-type=\"widget\" data-widget_type=\"text-editor.default\">\n\t\t\t\t<div class=\"elementor-widget-container\">\n\t\t\t\t\t\t\t\t\t<ul><li>Google Maps (<a href=\"https:\/\/play.google.com\/store\/apps\/details?id=com.google.android.apps.maps&amp;pcampaignid=web_share\" target=\"_blank\" rel=\"noopener\">Google Play<\/a>, <a href=\"https:\/\/apps.apple.com\/cz\/app\/mapy-google-tranzit-a-j%C3%ADdlo\/id585027354?l=cs\" target=\"_blank\" rel=\"noopener\">App Store<\/a>) &#8211; mapy, navigace<\/li><li>mapy.cz (<a href=\"https:\/\/play.google.com\/store\/apps\/details?id=cz.seznam.mapy&amp;pcampaignid=web_share\" target=\"_blank\" rel=\"noopener\">Google Play<\/a>, <a href=\"https:\/\/apps.apple.com\/cz\/app\/mapy-cz-navigace-mapy\/id411411020?l=cs\" target=\"_blank\" rel=\"noopener\">App Store<\/a>) &#8211; mapy, navigace<\/li><li>Waze (<a href=\"https:\/\/play.google.com\/store\/apps\/details?id=com.waze&amp;pcampaignid=web_share\" target=\"_blank\" rel=\"noopener\">Google Play<\/a>, <a href=\"https:\/\/apps.apple.com\/cz\/app\/waze-navigace-a-doprava\/id323229106?l=cs\" target=\"_blank\" rel=\"noopener\">App Stor<\/a>e), navigace<\/li><li>Uber (<a href=\"https:\/\/play.google.com\/store\/apps\/details?id=com.ubercab&amp;pcampaignid=web_share\" target=\"_blank\" rel=\"noopener\">Google Play<\/a>, <a href=\"https:\/\/apps.apple.com\/cz\/app\/uber-objednej-si-j%C3%ADzdu\/id368677368?l=cs\" target=\"_blank\" rel=\"noopener\">App Store<\/a>) &#8211; taxislu\u017eba\u00a0<\/li><li><span style=\"color: var(--text-color-normal); font-size: 1rem;\">Booking (<a href=\"https:\/\/play.google.com\/store\/apps\/details?id=com.booking&amp;pcampaignid=web_share\" target=\"_blank\" rel=\"noopener\">Google Play<\/a>, <a href=\"https:\/\/apps.apple.com\/cz\/app\/booking-com-hotels-travel\/id367003839?l=cs\" target=\"_blank\" rel=\"noopener\">App Store<\/a>) &#8211; ubytov\u00e1n\u00ed<\/span><\/li><li>Airbnb (<a href=\"https:\/\/play.google.com\/store\/apps\/details?id=com.airbnb.android&amp;pcampaignid=web_share\" target=\"_blank\" rel=\"noopener\">Google Play<\/a>, <a href=\"https:\/\/apps.apple.com\/cz\/app\/airbnb\/id401626263?l=cs\" target=\"_blank\" rel=\"noopener\">App Store<\/a>) &#8211; ubytov\u00e1n\u00ed<\/li><\/ul>\t\t\t\t\t\t\t\t<\/div>\n\t\t\t\t<\/div>\n\t\t\t\t<div class=\"elementor-element elementor-element-41c508b elementor-widget elementor-widget-heading\" data-id=\"41c508b\" data-element_type=\"widget\" data-e-type=\"widget\" data-widget_type=\"heading.default\">\n\t\t\t\t<div class=\"elementor-widget-container\">\n\t\t\t\t\t<h2 class=\"elementor-heading-title elementor-size-default\">Voln\u00fd \u010das<\/h2>\t\t\t\t<\/div>\n\t\t\t\t<\/div>\n\t\t\t\t<div class=\"elementor-element elementor-element-8b96fc7 elementor-widget elementor-widget-text-editor\" data-id=\"8b96fc7\" data-element_type=\"widget\" data-e-type=\"widget\" data-widget_type=\"text-editor.default\">\n\t\t\t\t<div class=\"elementor-widget-container\">\n\t\t\t\t\t\t\t\t\t<p>Existuje spousta mo\u017enost\u00ed, jak se m\u016f\u017ee\u0161 zabavit t\u0159eba p\u0159i \u010dek\u00e1n\u00ed na let nebo v letadle. A\u0165 u\u017e jsou to r\u016fzn\u00e9 hry, streamovac\u00ed slu\u017eby nebo t\u0159eba online televize \u010di jejich videot\u00e9ky. V\u011bt\u0161ina z nich nab\u00edz\u00ed mo\u017enost ulo\u017eit si filmy a seri\u00e1ly offline, co\u017e se do letadla ur\u010dit\u011b hod\u00ed. Stejn\u011b tak hudba ve Spotify. U online televiz\u00ed z\u00e1le\u017e\u00ed, kde se bude\u0161 pohybovat, v\u011bt\u0161inou funguj\u00ed jen v r\u00e1mci EU. Jasn\u00fd, za v\u0161echny tyto slu\u017eby se plat\u00ed n\u011bjak\u00fd m\u011bs\u00ed\u010dn\u00ed poplatek, ale nemus\u00ed\u0161 u n\u011bj z\u016fstat na po\u0159\u00e1d. M\u016f\u017ee\u0161 ka\u017edou vyu\u017e\u00edt t\u0159eba jen na m\u011bs\u00edc a pak v p\u0159edplatn\u00e9m nepokra\u010dovat.<\/p>\t\t\t\t\t\t\t\t<\/div>\n\t\t\t\t<\/div>\n\t\t\t\t<div class=\"elementor-element elementor-element-fc0e0db elementor-widget elementor-widget-text-editor\" data-id=\"fc0e0db\" data-element_type=\"widget\" data-e-type=\"widget\" data-widget_type=\"text-editor.default\">\n\t\t\t\t<div class=\"elementor-widget-container\">\n\t\t\t\t\t\t\t\t\t<ul><li>Netflix (<a href=\"https:\/\/play.google.com\/store\/apps\/details?id=com.netflix.mediaclient&amp;pcampaignid=web_share\" target=\"_blank\" rel=\"noopener\">Google Play<\/a>, <a href=\"https:\/\/apps.apple.com\/cz\/app\/netflix\/id363590051?l=cs\" target=\"_blank\" rel=\"noopener\">App Store<\/a>)<\/li><li>HBO Max (<a href=\"https:\/\/play.google.com\/store\/apps\/details?id=com.hbo.hbonow&amp;pcampaignid=web_share\" target=\"_blank\" rel=\"noopener\">Google Play<\/a>, <a href=\"https:\/\/apps.apple.com\/cz\/app\/hbo-max-filmy-a-tv-seri%C3%A1ly\/id971265422?l=cs\" target=\"_blank\" rel=\"noopener\">App Store<\/a>)<\/li><li>Disney + (<a href=\"https:\/\/play.google.com\/store\/apps\/details?id=com.disney.disneyplus&amp;pcampaignid=web_share\" target=\"_blank\" rel=\"noopener\">Google Play<\/a>, <a href=\"https:\/\/apps.apple.com\/cz\/app\/disney\/id1446075923?l=cs\" target=\"_blank\" rel=\"noopener\">App Store<\/a>)<\/li><li>Vodafone TV (<a href=\"https:\/\/play.google.com\/store\/apps\/details?id=com.vodafone.vtv.cz&amp;pcampaignid=web_share\" target=\"_blank\" rel=\"noopener\">Google Play<\/a>, <a href=\"https:\/\/apps.apple.com\/cz\/app\/vodafone-tv-cz\/id1490118933?l=cs\" target=\"_blank\" rel=\"noopener\">App Store<\/a>)<\/li><li>O2 TV (<a href=\"https:\/\/play.google.com\/store\/apps\/details?id=cz.o2.tv&amp;pcampaignid=web_share\" target=\"_blank\" rel=\"noopener\">Google Play<\/a>, <a href=\"https:\/\/apps.apple.com\/cz\/app\/o2-tv-2-0\/id1643106964?l=cs\" target=\"_blank\" rel=\"noopener\">App Store<\/a>)<\/li><li><span style=\"color: var(--text-color-normal); font-size: 1rem;\">Spotify (<a href=\"https:\/\/play.google.com\/store\/apps\/details?id=com.spotify.music&amp;pcampaignid=web_share\" target=\"_blank\" rel=\"noopener\">Google Play<\/a>, <a href=\"https:\/\/apps.apple.com\/cz\/app\/spotify-objevuj-novou-hudbu\/id324684580?l=cs\" target=\"_blank\" rel=\"noopener\">App Store<\/a>)<\/span><\/li><\/ul>\t\t\t\t\t\t\t\t<\/div>\n\t\t\t\t<\/div>\n\t\t\t\t<div class=\"elementor-element elementor-element-5c3c600 elementor-widget elementor-widget-heading\" data-id=\"5c3c600\" data-element_type=\"widget\" data-e-type=\"widget\" data-widget_type=\"heading.default\">\n\t\t\t\t<div class=\"elementor-widget-container\">\n\t\t\t\t\t<h2 class=\"elementor-heading-title elementor-size-default\">Pen\u00edze<\/h2>\t\t\t\t<\/div>\n\t\t\t\t<\/div>\n\t\t\t\t<div class=\"elementor-element elementor-element-811b125 elementor-widget elementor-widget-text-editor\" data-id=\"811b125\" data-element_type=\"widget\" data-e-type=\"widget\" data-widget_type=\"text-editor.default\">\n\t\t\t\t<div class=\"elementor-widget-container\">\n\t\t\t\t\t\t\t\t\t<p>I na cest\u00e1ch se vyplat\u00ed m\u00edt p\u0159ehled o sv\u00fdch pen\u011bz\u00edch. J\u00e1 osobn\u011b vyu\u017e\u00edv\u00e1m n\u011bkolik \u00fa\u010dt\u016f a n\u011bkolik karet. Kdyby se n\u011bco p\u0159ihodilo, a\u0165 m\u00e1m rezervu a z\u00e1lohu. Proto krom\u011b aplikace k b\u011b\u017en\u00e9mu \u00fa\u010dtu vyu\u017e\u00edv\u00e1m i Revolut, kter\u00fdm v zahrani\u010d\u00ed plat\u00edm. A to hlavn\u011b z toho d\u016fvodu, \u017ee m\u00e1 v\u00fdhodn\u011bj\u0161\u00ed kurzy a m\u00e1m tady jen tolik pen\u011bz, kolik pot\u0159ebuji.\u00a0<\/p>\t\t\t\t\t\t\t\t<\/div>\n\t\t\t\t<\/div>\n\t\t\t\t<div class=\"elementor-element elementor-element-72e18f4 elementor-widget elementor-widget-text-editor\" data-id=\"72e18f4\" data-element_type=\"widget\" data-e-type=\"widget\" data-widget_type=\"text-editor.default\">\n\t\t\t\t<div class=\"elementor-widget-container\">\n\t\t\t\t\t\t\t\t\t<ul><li><span style=\"color: var(--text-color-normal); font-size: 1rem;\">Mobiln\u00ed bankovnictv\u00ed<\/span><\/li><li><span style=\"color: var(--text-color-normal); font-size: 1rem;\">Revolut (<a href=\"https:\/\/play.google.com\/store\/apps\/details?id=com.revolut.revolut&amp;pcampaignid=web_share\" target=\"_blank\" rel=\"noopener\">Google Play<\/a>, <a href=\"https:\/\/apps.apple.com\/cz\/app\/revolut\/id932493382?l=cs\" target=\"_blank\" rel=\"noopener\">App Store<\/a>)<\/span><\/li><\/ul>\t\t\t\t\t\t\t\t<\/div>\n\t\t\t\t<\/div>\n\t\t\t\t<div class=\"elementor-element elementor-element-4dd8005 elementor-widget elementor-widget-heading\" data-id=\"4dd8005\" data-element_type=\"widget\" data-e-type=\"widget\" data-widget_type=\"heading.default\">\n\t\t\t\t<div class=\"elementor-widget-container\">\n\t\t\t\t\t<h2 class=\"elementor-heading-title elementor-size-default\">M\u00edstn\u00ed aplikace<\/h2>\t\t\t\t<\/div>\n\t\t\t\t<\/div>\n\t\t\t\t<div class=\"elementor-element elementor-element-6bba30d elementor-widget elementor-widget-text-editor\" data-id=\"6bba30d\" data-element_type=\"widget\" data-e-type=\"widget\" data-widget_type=\"text-editor.default\">\n\t\t\t\t<div class=\"elementor-widget-container\">\n\t\t\t\t\t\t\t\t\t<p>P\u0159ed cestou si v\u017edycky rovnou stahuju i aplikace, kter\u00e9 budu na m\u00edst\u011b pot\u0159ebovat. D\u00e1m p\u0159\u00edklad na Los Angeles a New Yorku.<\/p><p>V LA jsem se chystal do Universal Studios, tak jsem si rovnou st\u00e1hl aplikaci <strong>Universal CA<\/strong>. V\u011bd\u011bl jsem, \u017ee z leti\u0161t\u011b pojedu autobusem FlyAway, tak jsem si p\u0159ipravil aplikaci <strong>FlyAway<\/strong>, kde se d\u00e1 koupit j\u00edzdenka.<\/p><p>To sam\u00e9 v New Yorku. Kupoval jsem si CityPass, tak jsem si na\u0161el aplikaci <strong>My CityPASS<\/strong> a v n\u00ed jsem pak \u0159e\u0161il v\u0161echny rezervace a ukazoval QR k\u00f3d p\u0159i v\u0161ech vstupech. Do ubytov\u00e1n\u00ed v New Jersey jsem jezdil autobusem, tak jsem si st\u00e1hl aplikaci <strong>NJ Transit<\/strong> a v n\u00ed kupoval v\u0161echny j\u00edzdenky.<\/p><p>Z LA do New Yorku jsem let\u011bl s <strong>United Airlines<\/strong>, tak jsem v jejich aplikaci ud\u011blal odbaven\u00ed p\u0159ed odletem a dokoupil kufr (ten se toti\u017e ned\u00e1 zaplatit rovnou s n\u00e1kupem letenky).<\/p>\t\t\t\t\t\t\t\t<\/div>\n\t\t\t\t<\/div>\n\t\t\t\t<div class=\"elementor-element elementor-element-dea11c1 elementor-widget elementor-widget-text-editor\" data-id=\"dea11c1\" data-element_type=\"widget\" data-e-type=\"widget\" data-widget_type=\"text-editor.default\">\n\t\t\t\t<div class=\"elementor-widget-container\">\n\t\t\t\t\t\t\t\t\t<div data-draftjs-conductor-fragment=\"{&quot;blocks&quot;:[{&quot;key&quot;:&quot;54k7l&quot;,&quot;text&quot;:&quot;Ano. Za m\u011b jednozna\u010dn\u011b. Nav\u0161t\u00edvit New York o\u00a0V\u00e1noc\u00edch podle m\u00e9ho n\u00e1zoru stoj\u00ed za to. Uvid\u00ed\u0161 kr\u00e1snou v\u00fdzdobu a\u00a0u\u017eije\u0161 si neopakovatelnou atmosf\u00e9ru (pokud teda p\u0159ekon\u00e1\u0161 ty tis\u00edce dal\u0161\u00edch lid\u00ed). Po\u010d\u00edtej s\u00a0t\u00edm, \u017ee to bude nejsp\u00ed\u0161 dra\u017e\u0161\u00ed dovolen\u00e1, i\u00a0co se t\u00fdk\u00e1 ubytov\u00e1n\u00ed, tak mi p\u0159ijde, \u017ee jsou V\u00e1noce a\u00a0Nov\u00fd rok nejdra\u017e\u0161\u00ed obdob\u00ed v\u00a0roce. Ale co dnes drah\u00e9 nen\u00ed, \u017ee jo. Tohle je ur\u010dit\u011b z\u00e1\u017eitek, kter\u00fd ti z\u016fstane.&quot;,&quot;type&quot;:&quot;paragraph&quot;,&quot;depth&quot;:0,&quot;inlineStyleRanges&quot;:[{&quot;offset&quot;:72,&quot;length&quot;:11,&quot;style&quot;:&quot;BOLD&quot;},{&quot;offset&quot;:120,&quot;length&quot;:25,&quot;style&quot;:&quot;BOLD&quot;},{&quot;offset&quot;:364,&quot;length&quot;:41,&quot;style&quot;:&quot;BOLD&quot;}],&quot;entityRanges&quot;:[],&quot;data&quot;:{&quot;componentId&quot;:&quot;670d0735cb5af129be872286&quot;}},{&quot;key&quot;:&quot;fb6rj&quot;,&quot;text&quot;:&quot;J\u00e1 jsem krom\u011b t\u011bchto v\u00e1no\u010dn\u00edch m\u00edst nav\u0161t\u00edvil taky na vyhl\u00eddky v\u00a0mrakodrapech, vyrazil na muzik\u00e1l do divadla a\u00a0 tak\u00e9 do muze\u00ed. Tak\u017ee nejen V\u00e1noce jsem si tady dost u\u017eil. Klidn\u011b mrkni na video v\u00a0\u00favodu, tam je vlastn\u011b v\u0161e.&quot;,&quot;type&quot;:&quot;paragraph&quot;,&quot;depth&quot;:0,&quot;inlineStyleRanges&quot;:[],&quot;entityRanges&quot;:[],&quot;data&quot;:{&quot;componentId&quot;:&quot;670d0735cb5af129be872287&quot;}},{&quot;key&quot;:&quot;9hr6c&quot;,&quot;text&quot;:&quot;Zaj\u00edmal m\u011b taky Silvestr na Times Square, ale kdy\u017e jsem v\u00edc a\u00a0v\u00edc hledal, jak to tady prob\u00edh\u00e1, tak jsem si to rychle rozmyslel. P\u0159esto sem desetitis\u00edce lid\u00ed t\u00e1hne. Ale o\u00a0tom se rozep\u00ed\u0161u zase v\u00a0jin\u00e9m \u010dl\u00e1nku.&quot;,&quot;type&quot;:&quot;paragraph&quot;,&quot;depth&quot;:0,&quot;inlineStyleRanges&quot;:[{&quot;offset&quot;:16,&quot;length&quot;:24,&quot;style&quot;:&quot;BOLD&quot;}],&quot;entityRanges&quot;:[],&quot;data&quot;:{&quot;componentId&quot;:&quot;670d0735cb5af129be872288&quot;}}],&quot;entityMap&quot;:{}}\"><div class=\"\" data-block=\"true\" data-editor=\"14qmr\" data-offset-key=\"38tg9-0-0\"><div class=\"public-DraftStyleDefault-block public-DraftStyleDefault-ltr\" data-offset-key=\"38tg9-0-0\"><strong>D\u011bkuju za p\u0159e\u010dten\u00ed<\/strong> a pro dal\u0161\u00ed cestovatelsk\u00e9 tipy, fotky a videa m\u011b <strong>nezapome\u0148 sledovat<\/strong> na m\u00e9m\u00a0<strong><a href=\"https:\/\/www.instagram.com\/flori_prg\/\" target=\"_blank\" rel=\"noopener\">Instagramu<\/a> <\/strong>a <strong><a href=\"https:\/\/www.youtube.com\/@florianek83\" target=\"_blank\" rel=\"noopener\">YouTube kan\u00e1lu<\/a><\/strong>.\u00a0<\/div><\/div><\/div>\t\t\t\t\t\t\t\t<\/div>\n\t\t\t\t<\/div>\n\t\t\t\t\t<\/div>\n\t\t<\/div>\n\t\t\t\t\t<\/div>\n\t\t<\/section>\n\t\t\t\t<\/div>\n\t\t","protected":false},"excerpt":{"rendered":"<p>U\u017eite\u010dn\u00e9 aplikace na cest\u00e1ch V dne\u0161n\u00ed dob\u011b mobil a aplikace zna\u010dn\u011b usnad\u0148uj\u00ed cestov\u00e1n\u00ed po cel\u00e9m sv\u011bt\u011b. Dok\u00e1\u017e\u00ed zabavit na leti\u0161ti a v letadle, navedou t\u011b na spr\u00e1vn\u00e1 m\u00edsta, vy\u0159e\u0161\u00ed\u0161 rezervace, objedn\u00e1\u0161 si tax\u00edka, zaplat\u00ed\u0161. Prost\u011b m\u00e1\u0161 v\u0161echno neust\u00e1le po ruce. Bez jak\u00fdch aplikac\u00ed se j\u00e1 neobejdu, a kter\u00e9 doporu\u010duju? Data v zahrani\u010d\u00ed Krom\u011b Wi-Fi v [&hellip;]<\/p>\n","protected":false},"author":1,"featured_media":0,"parent":0,"menu_order":0,"comment_status":"closed","ping_status":"closed","template":"","meta":{"footnotes":""},"class_list":["post-8074","page","type-page","status-publish","hentry"],"blocksy_meta":[],"_links":{"self":[{"href":"https:\/\/florinacestach.cz\/en\/wp-json\/wp\/v2\/pages\/8074","targetHints":{"allow":["GET"]}}],"collection":[{"href":"https:\/\/florinacestach.cz\/en\/wp-json\/wp\/v2\/pages"}],"about":[{"href":"https:\/\/florinacestach.cz\/en\/wp-json\/wp\/v2\/types\/page"}],"author":[{"embeddable":true,"href":"https:\/\/florinacestach.cz\/en\/wp-json\/wp\/v2\/users\/1"}],"replies":[{"embeddable":true,"href":"https:\/\/florinacestach.cz\/en\/wp-json\/wp\/v2\/comments?post=8074"}],"version-history":[{"count":0,"href":"https:\/\/florinacestach.cz\/en\/wp-json\/wp\/v2\/pages\/8074\/revisions"}],"wp:attachment":[{"href":"https:\/\/florinacestach.cz\/en\/wp-json\/wp\/v2\/media?parent=8074"}],"curies":[{"name":"wp","href":"https:\/\/api.w.org\/{rel}","templated":true}]}}