{"id":8031,"date":"2024-03-15T21:21:40","date_gmt":"2024-03-15T21:21:40","guid":{"rendered":"https:\/\/florinacestach.cz\/?page_id=8031"},"modified":"2025-06-13T11:49:44","modified_gmt":"2025-06-13T11:49:44","slug":"cestovatelske_tipy","status":"publish","type":"page","link":"https:\/\/florinacestach.cz\/en\/cestovatelske_tipy\/","title":{"rendered":"Travel tips"},"content":{"rendered":"<div data-elementor-type=\"wp-page\" data-elementor-id=\"8031\" class=\"elementor elementor-8031\">\n\t\t\t\t\t\t<section class=\"elementor-section elementor-top-section elementor-element elementor-element-981df59 elementor-section-boxed elementor-section-height-default elementor-section-height-default\" data-id=\"981df59\" data-element_type=\"section\" data-e-type=\"section\">\n\t\t\t\t\t\t<div class=\"elementor-container elementor-column-gap-default\">\n\t\t\t\t\t<div class=\"elementor-column elementor-col-100 elementor-top-column elementor-element elementor-element-41fa3e1\" data-id=\"41fa3e1\" data-element_type=\"column\" data-e-type=\"column\">\n\t\t\t<div class=\"elementor-widget-wrap elementor-element-populated\">\n\t\t\t\t\t\t<div class=\"elementor-element elementor-element-c5a3602 elementor-widget elementor-widget-heading\" data-id=\"c5a3602\" data-element_type=\"widget\" data-e-type=\"widget\" data-widget_type=\"heading.default\">\n\t\t\t\t<div class=\"elementor-widget-container\">\n\t\t\t\t\t<h1 class=\"elementor-heading-title elementor-size-default\">Travel tips<\/h1>\t\t\t\t<\/div>\n\t\t\t\t<\/div>\n\t\t\t\t<div class=\"elementor-element elementor-element-216cfcf elementor-widget elementor-widget-text-editor\" data-id=\"216cfcf\" data-element_type=\"widget\" data-e-type=\"widget\" data-widget_type=\"text-editor.default\">\n\t\t\t\t<div class=\"elementor-widget-container\">\n\t\t\t\t\t\t\t\t\t<p>Do you want to go on a great vacation and don&#039;t know how to plan it? Where to start? Are you afraid that you&#039;ll forget something? Or are you looking for some tips that will save you time and money? You&#039;ve come to the right place. I&#039;ve put together a few things that I use when planning trips and that have proven to be effective in practice.\u00a0<\/p>\t\t\t\t\t\t\t\t<\/div>\n\t\t\t\t<\/div>\n\t\t\t\t\t<\/div>\n\t\t<\/div>\n\t\t\t\t\t<\/div>\n\t\t<\/section>\n\t\t\t\t<section class=\"elementor-section elementor-top-section elementor-element elementor-element-4ba1a20 elementor-section-boxed elementor-section-height-default elementor-section-height-default\" data-id=\"4ba1a20\" data-element_type=\"section\" data-e-type=\"section\">\n\t\t\t\t\t\t<div class=\"elementor-container elementor-column-gap-default\">\n\t\t\t\t\t<div class=\"elementor-column elementor-col-25 elementor-top-column elementor-element elementor-element-b848f4f\" data-id=\"b848f4f\" data-element_type=\"column\" data-e-type=\"column\">\n\t\t\t<div class=\"elementor-widget-wrap elementor-element-populated\">\n\t\t\t\t\t<div class=\"elementor-background-overlay\"><\/div>\n\t\t\t\t\t\t<div class=\"elementor-element elementor-element-dcaad85 elementor-position-top elementor-invisible elementor-widget elementor-widget-image-box\" data-id=\"dcaad85\" data-element_type=\"widget\" data-e-type=\"widget\" data-settings=\"{&quot;_animation&quot;:&quot;fadeInLeft&quot;}\" data-widget_type=\"image-box.default\">\n\t\t\t\t<div class=\"elementor-widget-container\">\n\t\t\t\t\t<div class=\"elementor-image-box-wrapper\"><figure class=\"elementor-image-box-img\"><a href=\"https:\/\/florinacestach.cz\/en\/tip_letenky\/\" tabindex=\"-1\"><img fetchpriority=\"high\" decoding=\"async\" width=\"403\" height=\"302\" src=\"https:\/\/florinacestach.cz\/wp-content\/uploads\/2025\/04\/Image_341.jpg\" class=\"attachment-full size-full wp-image-11170\" alt=\"\" srcset=\"https:\/\/florinacestach.cz\/wp-content\/uploads\/2025\/04\/Image_341.jpg 403w, https:\/\/florinacestach.cz\/wp-content\/uploads\/2025\/04\/Image_341-300x225.jpg 300w\" sizes=\"(max-width: 403px) 100vw, 403px\" \/><\/a><\/figure><div class=\"elementor-image-box-content\"><h5 class=\"elementor-image-box-title\"><a href=\"https:\/\/florinacestach.cz\/en\/tip_letenky\/\">Search and purchase flight tickets<\/a><\/h5><\/div><\/div>\t\t\t\t<\/div>\n\t\t\t\t<\/div>\n\t\t\t\t\t<\/div>\n\t\t<\/div>\n\t\t\t\t<div class=\"elementor-column elementor-col-25 elementor-top-column elementor-element elementor-element-f448b54\" data-id=\"f448b54\" data-element_type=\"column\" data-e-type=\"column\">\n\t\t\t<div class=\"elementor-widget-wrap elementor-element-populated\">\n\t\t\t\t\t\t<div class=\"elementor-element elementor-element-723d80a elementor-position-top elementor-invisible elementor-widget elementor-widget-image-box\" data-id=\"723d80a\" data-element_type=\"widget\" data-e-type=\"widget\" data-settings=\"{&quot;_animation&quot;:&quot;zoomIn&quot;}\" data-widget_type=\"image-box.default\">\n\t\t\t\t<div class=\"elementor-widget-container\">\n\t\t\t\t\t<div class=\"elementor-image-box-wrapper\"><figure class=\"elementor-image-box-img\"><img decoding=\"async\" width=\"768\" height=\"575\" src=\"https:\/\/florinacestach.cz\/wp-content\/uploads\/2024\/03\/Los_Angeles_016.jpg\" class=\"attachment-full size-full wp-image-12791\" alt=\"Beverly Hills, USA\" srcset=\"https:\/\/florinacestach.cz\/wp-content\/uploads\/2024\/03\/Los_Angeles_016.jpg 768w, https:\/\/florinacestach.cz\/wp-content\/uploads\/2024\/03\/Los_Angeles_016-300x225.jpg 300w\" sizes=\"(max-width: 768px) 100vw, 768px\" \/><\/figure><div class=\"elementor-image-box-content\"><h5 class=\"elementor-image-box-title\">Airport check-in<\/h5><p class=\"elementor-image-box-description\">(coming soon)<\/p><\/div><\/div>\t\t\t\t<\/div>\n\t\t\t\t<\/div>\n\t\t\t\t\t<\/div>\n\t\t<\/div>\n\t\t\t\t<div class=\"elementor-column elementor-col-25 elementor-top-column elementor-element elementor-element-30d273f\" data-id=\"30d273f\" data-element_type=\"column\" data-e-type=\"column\">\n\t\t\t<div class=\"elementor-widget-wrap elementor-element-populated\">\n\t\t\t\t\t\t<div class=\"elementor-element elementor-element-83cb184 elementor-position-top elementor-invisible elementor-widget elementor-widget-image-box\" data-id=\"83cb184\" data-element_type=\"widget\" data-e-type=\"widget\" data-settings=\"{&quot;_animation&quot;:&quot;zoomIn&quot;}\" data-widget_type=\"image-box.default\">\n\t\t\t\t<div class=\"elementor-widget-container\">\n\t\t\t\t\t<div class=\"elementor-image-box-wrapper\"><figure class=\"elementor-image-box-img\"><a href=\"https:\/\/florinacestach.cz\/en\/tip_ubytovani\/\" tabindex=\"-1\"><img decoding=\"async\" width=\"403\" height=\"302\" src=\"https:\/\/florinacestach.cz\/wp-content\/uploads\/2025\/04\/Image_371.jpg\" class=\"attachment-full size-full wp-image-11174\" alt=\"\" srcset=\"https:\/\/florinacestach.cz\/wp-content\/uploads\/2025\/04\/Image_371.jpg 403w, https:\/\/florinacestach.cz\/wp-content\/uploads\/2025\/04\/Image_371-300x225.jpg 300w\" sizes=\"(max-width: 403px) 100vw, 403px\" \/><\/a><\/figure><div class=\"elementor-image-box-content\"><h5 class=\"elementor-image-box-title\"><a href=\"https:\/\/florinacestach.cz\/en\/tip_ubytovani\/\">Accommodation reservation<\/a><\/h5><\/div><\/div>\t\t\t\t<\/div>\n\t\t\t\t<\/div>\n\t\t\t\t\t<\/div>\n\t\t<\/div>\n\t\t\t\t<div class=\"elementor-column elementor-col-25 elementor-top-column elementor-element elementor-element-bec8f7c\" data-id=\"bec8f7c\" data-element_type=\"column\" data-e-type=\"column\">\n\t\t\t<div class=\"elementor-widget-wrap elementor-element-populated\">\n\t\t\t\t\t\t<div class=\"elementor-element elementor-element-df9f9cb elementor-position-top elementor-invisible elementor-widget elementor-widget-image-box\" data-id=\"df9f9cb\" data-element_type=\"widget\" data-e-type=\"widget\" data-settings=\"{&quot;_animation&quot;:&quot;fadeInRight&quot;}\" data-widget_type=\"image-box.default\">\n\t\t\t\t<div class=\"elementor-widget-container\">\n\t\t\t\t\t<div class=\"elementor-image-box-wrapper\"><figure class=\"elementor-image-box-img\"><a href=\"https:\/\/florinacestach.cz\/en\/zahranici_data_airalo\/\" tabindex=\"-1\"><img loading=\"lazy\" decoding=\"async\" width=\"409\" height=\"306\" src=\"https:\/\/florinacestach.cz\/wp-content\/uploads\/2025\/04\/Image_381.jpg\" class=\"attachment-full size-full wp-image-11175\" alt=\"\" srcset=\"https:\/\/florinacestach.cz\/wp-content\/uploads\/2025\/04\/Image_381.jpg 409w, https:\/\/florinacestach.cz\/wp-content\/uploads\/2025\/04\/Image_381-300x224.jpg 300w\" sizes=\"(max-width: 409px) 100vw, 409px\" \/><\/a><\/figure><div class=\"elementor-image-box-content\"><h5 class=\"elementor-image-box-title\"><a href=\"https:\/\/florinacestach.cz\/en\/zahranici_data_airalo\/\">Mobile data abroad<\/a><\/h5><\/div><\/div>\t\t\t\t<\/div>\n\t\t\t\t<\/div>\n\t\t\t\t\t<\/div>\n\t\t<\/div>\n\t\t\t\t\t<\/div>\n\t\t<\/section>\n\t\t\t\t<section class=\"elementor-section elementor-top-section elementor-element elementor-element-f1cb902 elementor-section-boxed elementor-section-height-default elementor-section-height-default\" data-id=\"f1cb902\" data-element_type=\"section\" data-e-type=\"section\">\n\t\t\t\t\t\t<div class=\"elementor-container elementor-column-gap-default\">\n\t\t\t\t\t<div class=\"elementor-column elementor-col-25 elementor-top-column elementor-element elementor-element-fbbaee2\" data-id=\"fbbaee2\" data-element_type=\"column\" data-e-type=\"column\">\n\t\t\t<div class=\"elementor-widget-wrap elementor-element-populated\">\n\t\t\t\t\t<div class=\"elementor-background-overlay\"><\/div>\n\t\t\t\t\t\t<div class=\"elementor-element elementor-element-b87a936 elementor-position-top elementor-invisible elementor-widget elementor-widget-image-box\" data-id=\"b87a936\" data-element_type=\"widget\" data-e-type=\"widget\" data-settings=\"{&quot;_animation&quot;:&quot;fadeInLeft&quot;}\" data-widget_type=\"image-box.default\">\n\t\t\t\t<div class=\"elementor-widget-container\">\n\t\t\t\t\t<div class=\"elementor-image-box-wrapper\"><figure class=\"elementor-image-box-img\"><a href=\"https:\/\/florinacestach.cz\/en\/tip_usa_esta\/\" tabindex=\"-1\"><img loading=\"lazy\" decoding=\"async\" width=\"360\" height=\"270\" src=\"https:\/\/florinacestach.cz\/wp-content\/uploads\/2025\/04\/Image_3611.jpg\" class=\"attachment-full size-full wp-image-11173\" alt=\"\" srcset=\"https:\/\/florinacestach.cz\/wp-content\/uploads\/2025\/04\/Image_3611.jpg 360w, https:\/\/florinacestach.cz\/wp-content\/uploads\/2025\/04\/Image_3611-300x225.jpg 300w\" sizes=\"(max-width: 360px) 100vw, 360px\" \/><\/a><\/figure><div class=\"elementor-image-box-content\"><h5 class=\"elementor-image-box-title\"><a href=\"https:\/\/florinacestach.cz\/en\/tip_usa_esta\/\">Trips to the USA<\/a><\/h5><\/div><\/div>\t\t\t\t<\/div>\n\t\t\t\t<\/div>\n\t\t\t\t\t<\/div>\n\t\t<\/div>\n\t\t\t\t<div class=\"elementor-column elementor-col-25 elementor-top-column elementor-element elementor-element-858bf78\" data-id=\"858bf78\" data-element_type=\"column\" data-e-type=\"column\">\n\t\t\t<div class=\"elementor-widget-wrap elementor-element-populated\">\n\t\t\t\t\t\t<div class=\"elementor-element elementor-element-c37bcbf elementor-position-top elementor-invisible elementor-widget elementor-widget-image-box\" data-id=\"c37bcbf\" data-element_type=\"widget\" data-e-type=\"widget\" data-settings=\"{&quot;_animation&quot;:&quot;zoomIn&quot;}\" data-widget_type=\"image-box.default\">\n\t\t\t\t<div class=\"elementor-widget-container\">\n\t\t\t\t\t<div class=\"elementor-image-box-wrapper\"><figure class=\"elementor-image-box-img\"><a href=\"https:\/\/florinacestach.cz\/en\/tip_aplikace\/\" tabindex=\"-1\"><img loading=\"lazy\" decoding=\"async\" width=\"403\" height=\"302\" src=\"https:\/\/florinacestach.cz\/wp-content\/uploads\/2025\/04\/Image_331.jpg\" class=\"attachment-full size-full wp-image-11166\" alt=\"\" srcset=\"https:\/\/florinacestach.cz\/wp-content\/uploads\/2025\/04\/Image_331.jpg 403w, https:\/\/florinacestach.cz\/wp-content\/uploads\/2025\/04\/Image_331-300x225.jpg 300w\" sizes=\"(max-width: 403px) 100vw, 403px\" \/><\/a><\/figure><div class=\"elementor-image-box-content\"><h5 class=\"elementor-image-box-title\"><a href=\"https:\/\/florinacestach.cz\/en\/tip_aplikace\/\">Useful applications<\/a><\/h5><\/div><\/div>\t\t\t\t<\/div>\n\t\t\t\t<\/div>\n\t\t\t\t\t<\/div>\n\t\t<\/div>\n\t\t\t\t<div class=\"elementor-column elementor-col-25 elementor-top-column elementor-element elementor-element-2de8b2d\" data-id=\"2de8b2d\" data-element_type=\"column\" data-e-type=\"column\">\n\t\t\t<div class=\"elementor-widget-wrap elementor-element-populated\">\n\t\t\t\t\t\t<div class=\"elementor-element elementor-element-ddac9e6 elementor-position-top elementor-invisible elementor-widget elementor-widget-image-box\" data-id=\"ddac9e6\" data-element_type=\"widget\" data-e-type=\"widget\" data-settings=\"{&quot;_animation&quot;:&quot;zoomIn&quot;}\" data-widget_type=\"image-box.default\">\n\t\t\t\t<div class=\"elementor-widget-container\">\n\t\t\t\t\t<div class=\"elementor-image-box-wrapper\"><figure class=\"elementor-image-box-img\"><img decoding=\"async\" src=\"https:\/\/florinacestach.cz\/wp-content\/uploads\/2024\/03\/Los_Angeles_092.jpg\" title=\"\" alt=\"\" loading=\"lazy\" \/><\/figure><div class=\"elementor-image-box-content\"><h5 class=\"elementor-image-box-title\">Transfer <\/h5><p class=\"elementor-image-box-description\">(coming soon)<\/p><\/div><\/div>\t\t\t\t<\/div>\n\t\t\t\t<\/div>\n\t\t\t\t\t<\/div>\n\t\t<\/div>\n\t\t\t\t<div class=\"elementor-column elementor-col-25 elementor-top-column elementor-element elementor-element-1527d3c\" data-id=\"1527d3c\" data-element_type=\"column\" data-e-type=\"column\">\n\t\t\t<div class=\"elementor-widget-wrap elementor-element-populated\">\n\t\t\t\t\t\t<div class=\"elementor-element elementor-element-3e877fe elementor-position-top elementor-invisible elementor-widget elementor-widget-image-box\" data-id=\"3e877fe\" data-element_type=\"widget\" data-e-type=\"widget\" data-settings=\"{&quot;_animation&quot;:&quot;fadeInRight&quot;}\" data-widget_type=\"image-box.default\">\n\t\t\t\t<div class=\"elementor-widget-container\">\n\t\t\t\t\t<div class=\"elementor-image-box-wrapper\"><figure class=\"elementor-image-box-img\"><img decoding=\"async\" src=\"https:\/\/florinacestach.cz\/wp-content\/uploads\/2024\/03\/Los_Angeles_038.jpg\" title=\"\" alt=\"\" loading=\"lazy\" \/><\/figure><div class=\"elementor-image-box-content\"><h5 class=\"elementor-image-box-title\">Travel insurance<\/h5><p class=\"elementor-image-box-description\">(coming soon)<\/p><\/div><\/div>\t\t\t\t<\/div>\n\t\t\t\t<\/div>\n\t\t\t\t\t<\/div>\n\t\t<\/div>\n\t\t\t\t\t<\/div>\n\t\t<\/section>\n\t\t\t\t<\/div>","protected":false},"excerpt":{"rendered":"<p>Tipy na cestY Chce\u0161 vyrazit na super dovolenou a nev\u00ed\u0161, jak ji napl\u00e1novat? Kde za\u010d\u00edt? M\u00e1\u0161 strach, \u017ee na n\u011bco zapomene\u0161? Nebo hled\u00e1\u0161 n\u011bjak\u00e9 tipy, kter\u00e9 ti u\u0161et\u0159\u00ed \u010das a pen\u00edze? Jsi na spr\u00e1vn\u00e9 str\u00e1nce. Dal jsem dohromady p\u00e1r v\u011bc\u00ed, kter\u00e9 p\u0159i pl\u00e1nov\u00e1n\u00ed cest vyu\u017e\u00edv\u00e1m a kter\u00e9 se mi v praxi osv\u011bd\u010dily.\u00a0 Vyhled\u00e1n\u00ed a n\u00e1kup [&hellip;]<\/p>\n","protected":false},"author":1,"featured_media":0,"parent":0,"menu_order":0,"comment_status":"closed","ping_status":"closed","template":"","meta":{"footnotes":""},"class_list":["post-8031","page","type-page","status-publish","hentry"],"blocksy_meta":[],"_links":{"self":[{"href":"https:\/\/florinacestach.cz\/en\/wp-json\/wp\/v2\/pages\/8031","targetHints":{"allow":["GET"]}}],"collection":[{"href":"https:\/\/florinacestach.cz\/en\/wp-json\/wp\/v2\/pages"}],"about":[{"href":"https:\/\/florinacestach.cz\/en\/wp-json\/wp\/v2\/types\/page"}],"author":[{"embeddable":true,"href":"https:\/\/florinacestach.cz\/en\/wp-json\/wp\/v2\/users\/1"}],"replies":[{"embeddable":true,"href":"https:\/\/florinacestach.cz\/en\/wp-json\/wp\/v2\/comments?post=8031"}],"version-history":[{"count":0,"href":"https:\/\/florinacestach.cz\/en\/wp-json\/wp\/v2\/pages\/8031\/revisions"}],"wp:attachment":[{"href":"https:\/\/florinacestach.cz\/en\/wp-json\/wp\/v2\/media?parent=8031"}],"curies":[{"name":"wp","href":"https:\/\/api.w.org\/{rel}","templated":true}]}}