{"id":7452,"date":"2024-03-14T11:00:10","date_gmt":"2024-03-14T11:00:10","guid":{"rendered":"https:\/\/florinacestach.cz\/?page_id=7452"},"modified":"2025-06-15T17:37:25","modified_gmt":"2025-06-15T17:37:25","slug":"tip_letenky","status":"publish","type":"page","link":"https:\/\/florinacestach.cz\/en\/tip_letenky\/","title":{"rendered":"How to get flights \u2013 Travel tips"},"content":{"rendered":"\t\t<div data-elementor-type=\"wp-page\" data-elementor-id=\"7452\" class=\"elementor elementor-7452\">\n\t\t\t\t\t\t<section class=\"elementor-section elementor-top-section elementor-element elementor-element-132721b elementor-section-boxed elementor-section-height-default elementor-section-height-default\" data-id=\"132721b\" data-element_type=\"section\" data-e-type=\"section\">\n\t\t\t\t\t\t<div class=\"elementor-container elementor-column-gap-default\">\n\t\t\t\t\t<div class=\"elementor-column elementor-col-100 elementor-top-column elementor-element elementor-element-8374423\" data-id=\"8374423\" data-element_type=\"column\" data-e-type=\"column\">\n\t\t\t<div class=\"elementor-widget-wrap elementor-element-populated\">\n\t\t\t\t\t\t<div class=\"elementor-element elementor-element-843dcb0 elementor-widget elementor-widget-heading\" data-id=\"843dcb0\" data-element_type=\"widget\" data-e-type=\"widget\" data-widget_type=\"heading.default\">\n\t\t\t\t<div class=\"elementor-widget-container\">\n\t\t\t\t\t<h1 class=\"elementor-heading-title elementor-size-default\">Vyhled\u00e1n\u00ed a n\u00e1kup letenek<\/h1>\t\t\t\t<\/div>\n\t\t\t\t<\/div>\n\t\t\t\t\t<\/div>\n\t\t<\/div>\n\t\t\t\t\t<\/div>\n\t\t<\/section>\n\t\t\t\t<section class=\"elementor-section elementor-top-section elementor-element elementor-element-981df59 elementor-section-boxed elementor-section-height-default elementor-section-height-default\" data-id=\"981df59\" data-element_type=\"section\" data-e-type=\"section\">\n\t\t\t\t\t\t<div class=\"elementor-container elementor-column-gap-default\">\n\t\t\t\t\t<div class=\"elementor-column elementor-col-100 elementor-top-column elementor-element elementor-element-41fa3e1\" data-id=\"41fa3e1\" data-element_type=\"column\" data-e-type=\"column\">\n\t\t\t<div class=\"elementor-widget-wrap elementor-element-populated\">\n\t\t\t\t\t\t<div class=\"elementor-element elementor-element-f559d08 elementor-widget elementor-widget-text-editor\" data-id=\"f559d08\" data-element_type=\"widget\" data-e-type=\"widget\" data-widget_type=\"text-editor.default\">\n\t\t\t\t<div class=\"elementor-widget-container\">\n\t\t\t\t\t\t\t\t\t<p>Letenky v\u017edycky vyhled\u00e1v\u00e1m na str\u00e1nce <a href=\"https:\/\/www.google.com\/travel\/flights\" target=\"_blank\" rel=\"noopener\">Google Flights<\/a>. Do vyhledava\u010de sta\u010d\u00ed zadat odkud kam a kdy chci let\u011bt a str\u00e1nka mi najde spoustu let\u016f a jejich r\u016fzn\u00fdch kombinac\u00ed se\u0159azen\u00fdch podle ceny.<\/p><p>Google Flights vyu\u017e\u00edv\u00e1m hlavn\u011b k tomu, abych si tady<strong> na\u0161el leteckou spole\u010dnost<\/strong>, kter\u00e1 mi bude nejv\u00edc vyhovovat. A\u0165 u\u017e cenou, \u010dasy let\u016f, tak jejich d\u00e9lkou.\u00a0<\/p><p><strong>Samotnou letenku tady ale nekupuju<\/strong>. Kdy\u017e si najdu nejlep\u0161\u00ed aerolinku, jdu pak p\u0159\u00edmo na jejich str\u00e1nky.\u00a0<\/p><blockquote><p><em>TIP: Na str\u00e1nk\u00e1ch leteck\u00e9 spole\u010dnosti pak nezad\u00e1v\u00e1m p\u0159esn\u00fd term\u00edn, kdy chci let\u011bt, ale v\u017edy plus minus p\u00e1r dn\u00ed p\u0159ed a po. U\u017e n\u011bkolikr\u00e1t se mi stalo, \u017ee kdy\u017e jsem vyhled\u00e1val p\u0159esn\u00fd term\u00edn, tak byl dra\u017e\u0161\u00ed, ne\u017e kdy\u017e jsem vyhledal jin\u00fd a k tomu sv\u00e9mu jsem se pak proklikal a\u017e v n\u00e1sledn\u00fdch kroc\u00edch.<\/em><\/p><\/blockquote>\t\t\t\t\t\t\t\t<\/div>\n\t\t\t\t<\/div>\n\t\t\t\t<div class=\"elementor-element elementor-element-99b7c2e elementor-widget elementor-widget-heading\" data-id=\"99b7c2e\" data-element_type=\"widget\" data-e-type=\"widget\" data-widget_type=\"heading.default\">\n\t\t\t\t<div class=\"elementor-widget-container\">\n\t\t\t\t\t<h2 class=\"elementor-heading-title elementor-size-default\">Kdy letenky koupit<\/h2>\t\t\t\t<\/div>\n\t\t\t\t<\/div>\n\t\t\t\t<div class=\"elementor-element elementor-element-7ded213 elementor-widget elementor-widget-text-editor\" data-id=\"7ded213\" data-element_type=\"widget\" data-e-type=\"widget\" data-widget_type=\"text-editor.default\">\n\t\t\t\t<div class=\"elementor-widget-container\">\n\t\t\t\t\t\t\t\t\t<p>Na tuto ot\u00e1zku jsem prozat\u00edm nena\u0161el \u017e\u00e1dnou univerz\u00e1ln\u00ed odpov\u011b\u010f. Osobn\u011b v\u017edycky n\u011bjakou dobu <strong>sleduju<\/strong>, jak se ceny letenek pohybuj\u00ed. V\u00edm, \u017ee se ceny mohou m\u011bnit podle toho, jak\u00fd je den v t\u00fddnu, V n\u011bkter\u00fdch dnech jsou letenky dra\u017e\u0161\u00ed, v n\u011bkter\u00fdch jsou levn\u011bj\u0161\u00ed. .\u00a0<\/p>\t\t\t\t\t\t\t\t<\/div>\n\t\t\t\t<\/div>\n\t\t\t\t<div class=\"elementor-element elementor-element-577e661 elementor-widget elementor-widget-text-editor\" data-id=\"577e661\" data-element_type=\"widget\" data-e-type=\"widget\" data-widget_type=\"text-editor.default\">\n\t\t\t\t<div class=\"elementor-widget-container\">\n\t\t\t\t\t\t\t\t\t<p>D\u00edky sledov\u00e1n\u00ed cen v\u00edm, jak se ceny pohybuj\u00ed. Z\u00e1rove\u0148 m\u00e1m v hlavn\u011b tak n\u011bjak <strong>cenu, kterou jsem ochotn\u00fd za letenku d\u00e1t<\/strong>. Nap\u0159\u00edklad, kdy\u017e v\u00edm, \u017ee se letenky do Lond\u00fdna daj\u00ed sehnat kolem 2.000 K\u010d, nebudu ji kupovat za 6.000 K\u010d. Kdy\u017e se pak vyskytne cena letenky na \u00farovni, kterou jsem ochotn\u00fd za ni zaplatit, kupuju. N\u011bkdy to m\u016f\u017ee b\u00fdt p\u016fl roku p\u0159edem, n\u011bkdy m\u011bs\u00edc. N\u011bkdy se m\u016f\u017ee vyskytnout akce na letenky, tak proto tak\u00e9 sleduju n\u011bkter\u00e9 influencery a str\u00e1nky, kter\u00e9 se zam\u011b\u0159uj\u00ed na ak\u010dn\u00ed letenky. Ale bacha, ne v\u017edy dobr\u00e1 akce znamen\u00e1 dobrou letenku.<\/p><p>Jestli v\u00e1h\u00e1\u0161 nad t\u00edm, zda letenku koupit nebo je\u0161t\u011b po\u010dkat na ni\u017e\u0161\u00ed cenu, mrkni na str\u00e1nku <a href=\"https:\/\/www.airhint.com\/\" target=\"_blank\" rel=\"noopener\">airhint.com<\/a>. Zadej do vyhled\u00e1va\u010de odkud kam let\u00ed\u0161, term\u00edn a ve v\u00fdsledc\u00edch vyhled\u00e1v\u00e1n\u00ed vyber tv\u016fj let, na kter\u00fd \u010dek\u00e1\u0161. Graficky se ti zobraz\u00ed, jak\u00e1 je pravd\u011bpodobnost, \u017ee cena letenky je\u0161t\u011b klesne. \u010c\u00edm v\u00edc procent, t\u00edm v\u011bt\u0161\u00ed pravd\u011bpodobnost. Samoz\u0159ejm\u011b na to nejde \u00fapln\u011b spol\u00e9hat, ale m\u016f\u017ee to pomoct.<\/p>\t\t\t\t\t\t\t\t<\/div>\n\t\t\t\t<\/div>\n\t\t\t\t<div class=\"elementor-element elementor-element-c669756 elementor-widget elementor-widget-heading\" data-id=\"c669756\" data-element_type=\"widget\" data-e-type=\"widget\" data-widget_type=\"heading.default\">\n\t\t\t\t<div class=\"elementor-widget-container\">\n\t\t\t\t\t<h2 class=\"elementor-heading-title elementor-size-default\">Let s p\u0159estupem<\/h2>\t\t\t\t<\/div>\n\t\t\t\t<\/div>\n\t\t\t\t<div class=\"elementor-element elementor-element-0e7d282 elementor-widget elementor-widget-text-editor\" data-id=\"0e7d282\" data-element_type=\"widget\" data-e-type=\"widget\" data-widget_type=\"text-editor.default\">\n\t\t\t\t<div class=\"elementor-widget-container\">\n\t\t\t\t\t\t\t\t\t<p>Pokud nen\u00ed k dispozici p\u0159\u00edm\u00fd let a je pot\u0159eba cestou p\u0159estupovat, <strong>kupuj lety v r\u00e1mci jedn\u00e9 letenky, u jedn\u00e9 leteck\u00e9 spole\u010dnosti<\/strong> (p\u0159\u00edpadn\u011b sp\u0159\u00edzn\u011bn\u00fdch spole\u010dnost\u00ed). M\u00e1 to sv\u00e9 v\u00fdhody, kter\u00e9 ti uk\u00e1\u017eu na p\u0159\u00edkladu letu z Prahy na Kostariku.<\/p><p>Z Prahy do San Jose p\u0159\u00edm\u00e9 lety nejsou. M\u016f\u017ee\u0161 naj\u00edt t\u0159eba let s aerolinkou KLM. Na str\u00e1nk\u00e1ch KLM tedy zad\u00e1\u0161 po\u010d\u00e1te\u010dn\u00ed m\u00edsto Praha, c\u00edlov\u00e9 San Jose a zobraz\u00ed se ti n\u011bkolik mo\u017enost\u00ed, kter\u00e9 se li\u0161\u00ed m\u00edstem pro p\u0159estup a dobou \u010dek\u00e1n\u00ed. Vyberu t\u0159eba p\u0159estup v Amsterodamu. Cestu m\u00e1m v r\u00e1mci jedn\u00e9 letenky, tak\u017ee pak v Praze na leti\u0161ti dostanu ob\u011b palubn\u00ed vstupenky, odevzd\u00e1m kufr a vyzvednu si ho a\u017e v San Jose. Nemus\u00ed\u0161 se tedy o nic starat.<\/p>\t\t\t\t\t\t\t\t<\/div>\n\t\t\t\t<\/div>\n\t\t\t\t<div class=\"elementor-element elementor-element-1fe2a6a elementor-widget elementor-widget-heading\" data-id=\"1fe2a6a\" data-element_type=\"widget\" data-e-type=\"widget\" data-widget_type=\"heading.default\">\n\t\t\t\t<div class=\"elementor-widget-container\">\n\t\t\t\t\t<h4 class=\"elementor-heading-title elementor-size-default\">Garantovan\u00fd p\u0159estup<\/h4>\t\t\t\t<\/div>\n\t\t\t\t<\/div>\n\t\t\t\t<div class=\"elementor-element elementor-element-0e75868 elementor-widget elementor-widget-text-editor\" data-id=\"0e75868\" data-element_type=\"widget\" data-e-type=\"widget\" data-widget_type=\"text-editor.default\">\n\t\t\t\t<div class=\"elementor-widget-container\">\n\t\t\t\t\t\t\t\t\t<p>V\u00fdhodou takov\u00fdch let\u016f je, \u017ee je <strong>garantovan\u00fd p\u0159estup<\/strong>. Tedy, \u017ee podle aerolinky druh\u00fd let stihne\u0161 a neulet\u00ed ti. Pokud by takov\u00e1 situace nastala, pak ti aerolinka zajist\u00ed dal\u0161\u00ed let, kter\u00fdm se do c\u00edlov\u00e9 destinace dostane\u0161. P\u0159i dlouh\u00e9m \u010dek\u00e1n\u00ed ti pak leteck\u00e1 spole\u010dnost m\u016f\u017ee zajistit hotel zdarma, p\u0159\u00edpadn\u011b v\u00fdlety po m\u011bst\u011b, kde \u010dek\u00e1\u0161. To u\u017e ale z\u00e1vis\u00ed na nab\u00eddce aerolinky. Je tedy dobr\u00e9 se na podm\u00ednky v\u017edycky pod\u00edvat a v\u00fdhody vyu\u017e\u00edt. T\u0159eba Turkish Airlines nab\u00edz\u00ed v Istanbulu v\u00fdlety z leti\u0161t\u011b do m\u011bsta, a p\u0159i \u010dek\u00e1n\u00ed del\u0161\u00edm ne\u017e 12 hodin (s podm\u00ednkou, \u017ee u\u017e nen\u00ed pozd\u011bj\u0161\u00ed let, kter\u00fd by \u010dek\u00e1n\u00ed zkr\u00e1til) i hotel. V\u0161e zdarma.<\/p>\t\t\t\t\t\t\t\t<\/div>\n\t\t\t\t<\/div>\n\t\t\t\t<div class=\"elementor-element elementor-element-6495d06 elementor-widget elementor-widget-heading\" data-id=\"6495d06\" data-element_type=\"widget\" data-e-type=\"widget\" data-widget_type=\"heading.default\">\n\t\t\t\t<div class=\"elementor-widget-container\">\n\t\t\t\t\t<h4 class=\"elementor-heading-title elementor-size-default\">N\u00e1kup dvou samostatn\u00fdch letenek<\/h4>\t\t\t\t<\/div>\n\t\t\t\t<\/div>\n\t\t\t\t<div class=\"elementor-element elementor-element-37db425 elementor-widget elementor-widget-text-editor\" data-id=\"37db425\" data-element_type=\"widget\" data-e-type=\"widget\" data-widget_type=\"text-editor.default\">\n\t\t\t\t<div class=\"elementor-widget-container\">\n\t\t\t\t\t\t\t\t\t<p>V takov\u00e9m p\u0159\u00edpad\u011b by byla jedna letenka z Prahy do Amsterodamu a druh\u00e1 z Amsterodamu do San Jose. V Praze bych dostal pouze prvn\u00ed letenku, odevzdal bych kufr, kter\u00fd by let\u011bl jen do Amsterodamu. V Amsterodamu prvn\u00ed let kon\u010d\u00ed, tak\u017ee mus\u00edm vyzvednout zavazadlo, vyj\u00edt z leti\u0161t\u011b a j\u00edt znovu k odbavovac\u00ed p\u0159ep\u00e1\u017ece se odbavit. V p\u0159\u00edpad\u011b zpo\u017ed\u011bn\u00ed prvn\u00edho letu aerolinka nic ne\u0159e\u0161\u00ed, pokud druh\u00e9 letadlo ulet\u00ed, mus\u00ed\u0161 si koupit novou letenku. Nevyu\u017eije\u0161 ani \u017e\u00e1dn\u00e9 v\u00fdhody od aerolinky na leti\u0161ti.<\/p>\t\t\t\t\t\t\t\t<\/div>\n\t\t\t\t<\/div>\n\t\t\t\t<div class=\"elementor-element elementor-element-d65eeb2 elementor-widget elementor-widget-video\" data-id=\"d65eeb2\" data-element_type=\"widget\" data-e-type=\"widget\" data-settings=\"{&quot;youtube_url&quot;:&quot;https:\\\/\\\/youtube.com\\\/shorts\\\/M014H4SbchM?feature=share&quot;,&quot;video_type&quot;:&quot;youtube&quot;,&quot;controls&quot;:&quot;yes&quot;}\" data-widget_type=\"video.default\">\n\t\t\t\t<div class=\"elementor-widget-container\">\n\t\t\t\t\t\t\t<div class=\"elementor-wrapper elementor-open-inline\">\n\t\t\t<div class=\"elementor-video\"><\/div>\t\t<\/div>\n\t\t\t\t\t\t<\/div>\n\t\t\t\t<\/div>\n\t\t\t\t<div class=\"elementor-element elementor-element-1f281c6 elementor-widget elementor-widget-text-editor\" data-id=\"1f281c6\" data-element_type=\"widget\" data-e-type=\"widget\" data-widget_type=\"text-editor.default\">\n\t\t\t\t<div class=\"elementor-widget-container\">\n\t\t\t\t\t\t\t\t\t<div data-draftjs-conductor-fragment=\"{&quot;blocks&quot;:[{&quot;key&quot;:&quot;54k7l&quot;,&quot;text&quot;:&quot;Ano. Za m\u011b jednozna\u010dn\u011b. Nav\u0161t\u00edvit New York o\u00a0V\u00e1noc\u00edch podle m\u00e9ho n\u00e1zoru stoj\u00ed za to. Uvid\u00ed\u0161 kr\u00e1snou v\u00fdzdobu a\u00a0u\u017eije\u0161 si neopakovatelnou atmosf\u00e9ru (pokud teda p\u0159ekon\u00e1\u0161 ty tis\u00edce dal\u0161\u00edch lid\u00ed). Po\u010d\u00edtej s\u00a0t\u00edm, \u017ee to bude nejsp\u00ed\u0161 dra\u017e\u0161\u00ed dovolen\u00e1, i\u00a0co se t\u00fdk\u00e1 ubytov\u00e1n\u00ed, tak mi p\u0159ijde, \u017ee jsou V\u00e1noce a\u00a0Nov\u00fd rok nejdra\u017e\u0161\u00ed obdob\u00ed v\u00a0roce. Ale co dnes drah\u00e9 nen\u00ed, \u017ee jo. Tohle je ur\u010dit\u011b z\u00e1\u017eitek, kter\u00fd ti z\u016fstane.&quot;,&quot;type&quot;:&quot;paragraph&quot;,&quot;depth&quot;:0,&quot;inlineStyleRanges&quot;:[{&quot;offset&quot;:72,&quot;length&quot;:11,&quot;style&quot;:&quot;BOLD&quot;},{&quot;offset&quot;:120,&quot;length&quot;:25,&quot;style&quot;:&quot;BOLD&quot;},{&quot;offset&quot;:364,&quot;length&quot;:41,&quot;style&quot;:&quot;BOLD&quot;}],&quot;entityRanges&quot;:[],&quot;data&quot;:{&quot;componentId&quot;:&quot;670d0735cb5af129be872286&quot;}},{&quot;key&quot;:&quot;fb6rj&quot;,&quot;text&quot;:&quot;J\u00e1 jsem krom\u011b t\u011bchto v\u00e1no\u010dn\u00edch m\u00edst nav\u0161t\u00edvil taky na vyhl\u00eddky v\u00a0mrakodrapech, vyrazil na muzik\u00e1l do divadla a\u00a0 tak\u00e9 do muze\u00ed. Tak\u017ee nejen V\u00e1noce jsem si tady dost u\u017eil. Klidn\u011b mrkni na video v\u00a0\u00favodu, tam je vlastn\u011b v\u0161e.&quot;,&quot;type&quot;:&quot;paragraph&quot;,&quot;depth&quot;:0,&quot;inlineStyleRanges&quot;:[],&quot;entityRanges&quot;:[],&quot;data&quot;:{&quot;componentId&quot;:&quot;670d0735cb5af129be872287&quot;}},{&quot;key&quot;:&quot;9hr6c&quot;,&quot;text&quot;:&quot;Zaj\u00edmal m\u011b taky Silvestr na Times Square, ale kdy\u017e jsem v\u00edc a\u00a0v\u00edc hledal, jak to tady prob\u00edh\u00e1, tak jsem si to rychle rozmyslel. P\u0159esto sem desetitis\u00edce lid\u00ed t\u00e1hne. Ale o\u00a0tom se rozep\u00ed\u0161u zase v\u00a0jin\u00e9m \u010dl\u00e1nku.&quot;,&quot;type&quot;:&quot;paragraph&quot;,&quot;depth&quot;:0,&quot;inlineStyleRanges&quot;:[{&quot;offset&quot;:16,&quot;length&quot;:24,&quot;style&quot;:&quot;BOLD&quot;}],&quot;entityRanges&quot;:[],&quot;data&quot;:{&quot;componentId&quot;:&quot;670d0735cb5af129be872288&quot;}}],&quot;entityMap&quot;:{}}\"><div class=\"\" data-block=\"true\" data-editor=\"14qmr\" data-offset-key=\"38tg9-0-0\"><div class=\"public-DraftStyleDefault-block public-DraftStyleDefault-ltr\" data-offset-key=\"38tg9-0-0\"><strong>D\u011bkuju za p\u0159e\u010dten\u00ed<\/strong> a pro dal\u0161\u00ed cestovatelsk\u00e9 tipy, fotky a videa m\u011b <strong>nezapome\u0148 sledovat<\/strong> na m\u00e9m\u00a0<strong><a href=\"https:\/\/www.instagram.com\/flori_prg\/\" target=\"_blank\" rel=\"noopener\">Instagramu<\/a> <\/strong>a <strong><a href=\"https:\/\/www.youtube.com\/@florianek83\" target=\"_blank\" rel=\"noopener\">YouTube kan\u00e1lu<\/a><\/strong>.\u00a0<\/div><\/div><\/div>\t\t\t\t\t\t\t\t<\/div>\n\t\t\t\t<\/div>\n\t\t\t\t\t<\/div>\n\t\t<\/div>\n\t\t\t\t\t<\/div>\n\t\t<\/section>\n\t\t\t\t<section class=\"elementor-section elementor-top-section elementor-element elementor-element-8c32e17 elementor-section-boxed elementor-section-height-default elementor-section-height-default\" data-id=\"8c32e17\" data-element_type=\"section\" data-e-type=\"section\">\n\t\t\t\t\t\t<div class=\"elementor-container elementor-column-gap-default\">\n\t\t\t\t\t<div class=\"elementor-column elementor-col-100 elementor-top-column elementor-element elementor-element-e9dc986\" data-id=\"e9dc986\" data-element_type=\"column\" data-e-type=\"column\">\n\t\t\t<div class=\"elementor-widget-wrap\">\n\t\t\t\t\t\t\t<\/div>\n\t\t<\/div>\n\t\t\t\t\t<\/div>\n\t\t<\/section>\n\t\t\t\t<\/div>\n\t\t","protected":false},"excerpt":{"rendered":"<p>Vyhled\u00e1n\u00ed a n\u00e1kup letenek Letenky v\u017edycky vyhled\u00e1v\u00e1m na str\u00e1nce Google Flights. Do vyhledava\u010de sta\u010d\u00ed zadat odkud kam a kdy chci let\u011bt a str\u00e1nka mi najde spoustu let\u016f a jejich r\u016fzn\u00fdch kombinac\u00ed se\u0159azen\u00fdch podle ceny. Google Flights vyu\u017e\u00edv\u00e1m hlavn\u011b k tomu, abych si tady na\u0161el leteckou spole\u010dnost, kter\u00e1 mi bude nejv\u00edc vyhovovat. A\u0165 u\u017e cenou, \u010dasy [&hellip;]<\/p>\n","protected":false},"author":1,"featured_media":0,"parent":0,"menu_order":0,"comment_status":"closed","ping_status":"closed","template":"","meta":{"footnotes":""},"class_list":["post-7452","page","type-page","status-publish","hentry"],"blocksy_meta":[],"_links":{"self":[{"href":"https:\/\/florinacestach.cz\/en\/wp-json\/wp\/v2\/pages\/7452","targetHints":{"allow":["GET"]}}],"collection":[{"href":"https:\/\/florinacestach.cz\/en\/wp-json\/wp\/v2\/pages"}],"about":[{"href":"https:\/\/florinacestach.cz\/en\/wp-json\/wp\/v2\/types\/page"}],"author":[{"embeddable":true,"href":"https:\/\/florinacestach.cz\/en\/wp-json\/wp\/v2\/users\/1"}],"replies":[{"embeddable":true,"href":"https:\/\/florinacestach.cz\/en\/wp-json\/wp\/v2\/comments?post=7452"}],"version-history":[{"count":0,"href":"https:\/\/florinacestach.cz\/en\/wp-json\/wp\/v2\/pages\/7452\/revisions"}],"wp:attachment":[{"href":"https:\/\/florinacestach.cz\/en\/wp-json\/wp\/v2\/media?parent=7452"}],"curies":[{"name":"wp","href":"https:\/\/api.w.org\/{rel}","templated":true}]}}