{"id":13714,"date":"2026-01-24T17:36:56","date_gmt":"2026-01-24T17:36:56","guid":{"rendered":"https:\/\/florinacestach.cz\/?page_id=13714"},"modified":"2026-01-24T17:39:10","modified_gmt":"2026-01-24T17:39:10","slug":"obchodni-podminky","status":"publish","type":"page","link":"https:\/\/florinacestach.cz\/en\/obchodni-podminky\/","title":{"rendered":"Terms and conditions"},"content":{"rendered":"<div data-elementor-type=\"wp-page\" data-elementor-id=\"13714\" class=\"elementor elementor-13714\">\n\t\t\t\t\t\t<section class=\"elementor-section elementor-top-section elementor-element elementor-element-a3ce623 elementor-section-boxed elementor-section-height-default elementor-section-height-default\" data-id=\"a3ce623\" data-element_type=\"section\" data-e-type=\"section\">\n\t\t\t\t\t\t<div class=\"elementor-container elementor-column-gap-default\">\n\t\t\t\t\t<div class=\"elementor-column elementor-col-100 elementor-top-column elementor-element elementor-element-bc17db0\" data-id=\"bc17db0\" data-element_type=\"column\" data-e-type=\"column\">\n\t\t\t<div class=\"elementor-widget-wrap elementor-element-populated\">\n\t\t\t\t\t\t<div class=\"elementor-element elementor-element-886ba8e elementor-widget elementor-widget-heading\" data-id=\"886ba8e\" data-element_type=\"widget\" data-e-type=\"widget\" data-widget_type=\"heading.default\">\n\t\t\t\t<div class=\"elementor-widget-container\">\n\t\t\t\t\t<h2 class=\"elementor-heading-title elementor-size-default\">Terms and conditions for purchasing digital content (e-books)<\/h2>\t\t\t\t<\/div>\n\t\t\t\t<\/div>\n\t\t\t\t<div class=\"elementor-element elementor-element-3d1726d elementor-widget elementor-widget-text-editor\" data-id=\"3d1726d\" data-element_type=\"widget\" data-e-type=\"widget\" data-widget_type=\"text-editor.default\">\n\t\t\t\t<div class=\"elementor-widget-container\">\n\t\t\t\t\t\t\t\t\t<p><strong>E-shop operator:<\/strong><br \/>Stanislav Florian<br \/>ID: 72296283<br \/>Address: B\u0159ezolupy 517<br \/>E-mail:\u00a0<a href=\"mailto:obchod@florinacestach.cz\" target=\"_blank\" rel=\"noopener\">obchod@florinacestach.cz<\/a><\/p><hr \/><h3><strong>1. Introductory provisions<\/strong><\/h3><p>These Terms and Conditions govern the relationship between the e-shop operator (hereinafter referred to as the &quot;Seller&quot;) and the customer (hereinafter referred to as the &quot;Buyer&quot;) when purchasing digital content - e-books in PDF format. By submitting an order, the Buyer confirms that he has read and agrees to these terms and conditions.<\/p><hr \/><h3><strong>2. Subject of purchase<\/strong><\/h3><ol><li>The subject of the purchase is digital content \u2013 an e-book in the form of a PDF file, which is delivered electronically.<\/li><li>The content description and sample are always listed for a specific product.<\/li><\/ol><hr \/><h3><strong>3. Order and conclusion of the contract<\/strong><\/h3><ol><li>The order is placed via the SimpleShop order form.<\/li><li>The buyer provides their first name, last name and email address.<\/li><li>By sending the order, a purchase contract is created between the Seller and the Buyer.<\/li><\/ol><hr \/><h3><strong>4. Payment terms<\/strong><\/h3><ol><li>Payment is possible exclusively by bank transfer to the Seller&#039;s account:<br \/><strong>8093341002 \/ 5500 (Raiffeisenbank)<\/strong>.<\/li><li>The purchased e-book will only be sent after the payment has been credited to the account and matched.<\/li><\/ol><hr \/><h3><strong>5. Delivery of digital content<\/strong><\/h3><ol><li>After payment, the Buyer will receive a link to download the PDF e-book to the provided email address.<\/li><li>The link allows\u00a0<strong>two downloads<\/strong>.<\/li><li>Digital content is provided\u00a0<strong>one-time<\/strong>, without entitlement to future updates.<\/li><\/ol><hr \/><h3><strong>6. Technical requirements<\/strong><\/h3><p>To download and read an e-book, you need a device capable of opening a PDF file and internet access.<\/p><hr \/><h3><strong>7. Copyright<\/strong><\/h3><ol><li>The e-book is the copyright of the Seller.<\/li><li>The buyer obtains a non-exclusive license for his own personal use.<\/li><li>It is prohibited to distribute, copy, modify or provide the work to third parties.<\/li><\/ol><hr \/><h3><strong>8. Right to withdraw from the contract<\/strong><\/h3><ol><li>Digital content is not delivered on a tangible medium.<\/li><li>Buyer\u00a0<strong>does not have the right to withdraw from the contract within the 14-day period<\/strong>, if:<ul><li>expressly agrees to the delivery of the digital content before the expiry of this period,<\/li><li>acknowledges that this consent lapses the right to withdraw (pursuant to Section 1837 letter l)).<\/li><\/ul><\/li><li>If the download link has not yet been delivered to the Buyer, they can request cancellation of the order by email.<\/li><\/ol><hr \/><h3><strong>9. Complaints<\/strong><\/h3><ol><li>The seller is responsible for delivering the functional file in accordance with the description.<\/li><li>A complaint can be made by e-mail to\u00a0<a href=\"mailto:obchod@florinacestach.cz\" target=\"_blank\" rel=\"noopener\">obchod@florinacestach.cz<\/a>\u00a0(e.g. broken file, invalid link).<\/li><li>The complaint will be processed within 30 days at the latest.<\/li><\/ol><hr \/><h3><strong>10. Final provisions<\/strong><\/h3><p>These Terms and Conditions are effective from the date of publication. The Seller reserves the right to update them at any time.<\/p><p>In Prague on January 22, 2026<\/p>\t\t\t\t\t\t\t\t<\/div>\n\t\t\t\t<\/div>\n\t\t\t\t\t<\/div>\n\t\t<\/div>\n\t\t\t\t\t<\/div>\n\t\t<\/section>\n\t\t\t\t<\/div>","protected":false},"excerpt":{"rendered":"<p>Obchodn\u00ed podm\u00ednky pro n\u00e1kup digit\u00e1ln\u00edho obsahu (e\u2011book\u016f) Provozovatel e\u2011shopu:Stanislav Flori\u00e1nI\u010cO: 72296283S\u00eddlo: B\u0159ezolupy 517E\u2011mail:\u00a0obchod@florinacestach.cz 1. \u00davodn\u00ed ustanoven\u00ed Tyto Obchodn\u00ed podm\u00ednky upravuj\u00ed vztah mezi provozovatelem e\u2011shopu (d\u00e1le jen \u201eProd\u00e1vaj\u00edc\u00ed\u201c) a z\u00e1kazn\u00edkem (d\u00e1le jen \u201eKupuj\u00edc\u00ed\u201c) p\u0159i n\u00e1kupu digit\u00e1ln\u00edho obsahu \u2013 e\u2011book\u016f ve form\u00e1tu PDF. Odesl\u00e1n\u00edm objedn\u00e1vky Kupuj\u00edc\u00ed potvrzuje, \u017ee se s t\u011bmito podm\u00ednkami sezn\u00e1mil a souhlas\u00ed s nimi. [&hellip;]<\/p>\n","protected":false},"author":1,"featured_media":0,"parent":0,"menu_order":0,"comment_status":"closed","ping_status":"closed","template":"elementor_header_footer","meta":{"footnotes":""},"class_list":["post-13714","page","type-page","status-publish","hentry"],"blocksy_meta":[],"_links":{"self":[{"href":"https:\/\/florinacestach.cz\/en\/wp-json\/wp\/v2\/pages\/13714","targetHints":{"allow":["GET"]}}],"collection":[{"href":"https:\/\/florinacestach.cz\/en\/wp-json\/wp\/v2\/pages"}],"about":[{"href":"https:\/\/florinacestach.cz\/en\/wp-json\/wp\/v2\/types\/page"}],"author":[{"embeddable":true,"href":"https:\/\/florinacestach.cz\/en\/wp-json\/wp\/v2\/users\/1"}],"replies":[{"embeddable":true,"href":"https:\/\/florinacestach.cz\/en\/wp-json\/wp\/v2\/comments?post=13714"}],"version-history":[{"count":0,"href":"https:\/\/florinacestach.cz\/en\/wp-json\/wp\/v2\/pages\/13714\/revisions"}],"wp:attachment":[{"href":"https:\/\/florinacestach.cz\/en\/wp-json\/wp\/v2\/media?parent=13714"}],"curies":[{"name":"wp","href":"https:\/\/api.w.org\/{rel}","templated":true}]}}