{"id":13305,"date":"2025-08-01T05:39:40","date_gmt":"2025-08-01T05:39:40","guid":{"rendered":"https:\/\/florinacestach.cz\/?page_id=13305"},"modified":"2026-02-11T19:03:44","modified_gmt":"2026-02-11T19:03:44","slug":"kostarika_pruvodce","status":"publish","type":"page","link":"https:\/\/florinacestach.cz\/en\/kostarika_pruvodce\/","title":{"rendered":"Kostarika pr\u016fvodce a itiner\u00e1\u0159 &#8211; E-book"},"content":{"rendered":"<div data-elementor-type=\"wp-page\" data-elementor-id=\"13305\" class=\"elementor elementor-13305\">\n\t\t\t\t\t\t<section class=\"elementor-section elementor-top-section elementor-element elementor-element-581d2601 elementor-section-boxed elementor-section-height-default elementor-section-height-default\" data-id=\"581d2601\" data-element_type=\"section\" data-e-type=\"section\">\n\t\t\t\t\t\t<div class=\"elementor-container elementor-column-gap-default\">\n\t\t\t\t\t<div class=\"elementor-column elementor-col-100 elementor-top-column elementor-element elementor-element-58c0fdf5\" data-id=\"58c0fdf5\" data-element_type=\"column\" data-e-type=\"column\">\n\t\t\t<div class=\"elementor-widget-wrap elementor-element-populated\">\n\t\t\t\t\t\t<section class=\"elementor-section elementor-inner-section elementor-element elementor-element-2cd02d09 elementor-section-boxed elementor-section-height-default elementor-section-height-default\" data-id=\"2cd02d09\" data-element_type=\"section\" data-e-type=\"section\">\n\t\t\t\t\t\t<div class=\"elementor-container elementor-column-gap-no\">\n\t\t\t\t\t<div class=\"elementor-column elementor-col-50 elementor-inner-column elementor-element elementor-element-7ec89093\" data-id=\"7ec89093\" data-element_type=\"column\" data-e-type=\"column\" data-settings=\"{&quot;animation&quot;:&quot;none&quot;}\">\n\t\t\t<div class=\"elementor-widget-wrap elementor-element-populated\">\n\t\t\t\t\t\t<div class=\"elementor-element elementor-element-ecb6b78 elementor-widget elementor-widget-image\" data-id=\"ecb6b78\" data-element_type=\"widget\" data-e-type=\"widget\" data-settings=\"{&quot;_animation&quot;:&quot;none&quot;}\" data-widget_type=\"image.default\">\n\t\t\t\t<div class=\"elementor-widget-container\">\n\t\t\t\t\t\t\t\t\t\t\t\t\t\t\t<img fetchpriority=\"high\" decoding=\"async\" width=\"724\" height=\"1024\" src=\"https:\/\/florinacestach.cz\/wp-content\/uploads\/2026\/01\/kostarika_pruvodce_florinacestach_ebook_e-724x1024.jpg\" class=\"attachment-large size-large wp-image-13641\" alt=\"Kostarika e-book, pr\u016fvodce, itiner\u00e1\u0159 by florinacestach.cz\" srcset=\"https:\/\/florinacestach.cz\/wp-content\/uploads\/2026\/01\/kostarika_pruvodce_florinacestach_ebook_e-724x1024.jpg 724w, https:\/\/florinacestach.cz\/wp-content\/uploads\/2026\/01\/kostarika_pruvodce_florinacestach_ebook_e-212x300.jpg 212w, https:\/\/florinacestach.cz\/wp-content\/uploads\/2026\/01\/kostarika_pruvodce_florinacestach_ebook_e-768x1086.jpg 768w, https:\/\/florinacestach.cz\/wp-content\/uploads\/2026\/01\/kostarika_pruvodce_florinacestach_ebook_e-1086x1536.jpg 1086w, https:\/\/florinacestach.cz\/wp-content\/uploads\/2026\/01\/kostarika_pruvodce_florinacestach_ebook_e-300x424.jpg 300w, https:\/\/florinacestach.cz\/wp-content\/uploads\/2026\/01\/kostarika_pruvodce_florinacestach_ebook_e-850x1202.jpg 850w, https:\/\/florinacestach.cz\/wp-content\/uploads\/2026\/01\/kostarika_pruvodce_florinacestach_ebook_e.jpg 1414w\" sizes=\"(max-width: 724px) 100vw, 724px\" \/>\t\t\t\t\t\t\t\t\t\t\t\t\t\t\t<\/div>\n\t\t\t\t<\/div>\n\t\t\t\t\t<\/div>\n\t\t<\/div>\n\t\t\t\t<div class=\"elementor-column elementor-col-50 elementor-inner-column elementor-element elementor-element-33863324\" data-id=\"33863324\" data-element_type=\"column\" data-e-type=\"column\" data-settings=\"{&quot;animation&quot;:&quot;none&quot;}\">\n\t\t\t<div class=\"elementor-widget-wrap elementor-element-populated\">\n\t\t\t\t\t\t<div class=\"elementor-element elementor-element-5b864e32 elementor-widget elementor-widget-heading\" data-id=\"5b864e32\" data-element_type=\"widget\" data-e-type=\"widget\" data-widget_type=\"heading.default\">\n\t\t\t\t<div class=\"elementor-widget-container\">\n\t\t\t\t\t<h2 class=\"elementor-heading-title elementor-size-default\">Costa Rica<\/h2>\t\t\t\t<\/div>\n\t\t\t\t<\/div>\n\t\t\t\t<div class=\"elementor-element elementor-element-54c5e5eb elementor--star-style-star_fontawesome elementor-widget elementor-widget-star-rating\" data-id=\"54c5e5eb\" data-element_type=\"widget\" data-e-type=\"widget\" data-widget_type=\"star-rating.default\">\n\t\t\t\t<div class=\"elementor-widget-container\">\n\t\t\t\t\t\t\t<div class=\"elementor-star-rating__wrapper\">\n\t\t\t\t\t\t<div class=\"elementor-star-rating\" itemtype=\"http:\/\/schema.org\/Rating\" itemscope=\"\" itemprop=\"reviewRating\">\n\t\t\t\t<i class=\"elementor-star-full\" aria-hidden=\"true\">\ue933<\/i><i class=\"elementor-star-full\" aria-hidden=\"true\">\ue933<\/i><i class=\"elementor-star-full\" aria-hidden=\"true\">\ue933<\/i><i class=\"elementor-star-full\" aria-hidden=\"true\">\ue933<\/i><i class=\"elementor-star-full\" aria-hidden=\"true\">\ue933<\/i>\t\t\t\t<span itemprop=\"ratingValue\" class=\"elementor-screen-only\">Rating 5 out of 5<\/span>\n\t\t\t<\/div>\n\t\t<\/div>\n\t\t\t\t\t\t<\/div>\n\t\t\t\t<\/div>\n\t\t\t\t<div class=\"elementor-element elementor-element-4fa5c0e0 elementor-widget elementor-widget-text-editor\" data-id=\"4fa5c0e0\" data-element_type=\"widget\" data-e-type=\"widget\" data-widget_type=\"text-editor.default\">\n\t\t\t\t<div class=\"elementor-widget-container\">\n\t\t\t\t\t\t\t\t\t<p>An e-book packed with information about Costa Rica. I have divided the whole of Costa Rica into six areas and from them I have selected <strong>most interesting places<\/strong>.<\/p><p>On total <strong>22 pages<\/strong> you will find a description <strong>more than 40 places<\/strong> from all over Costa Rica, including their <strong>location on the map<\/strong>. I have also added links to websites.\u00a0<\/p><p>In the guide, you will also find general but important information that will definitely be useful for your trip to Costa Rica and help you with planning.<\/p>\t\t\t\t\t\t\t\t<\/div>\n\t\t\t\t<\/div>\n\t\t\t\t\t<\/div>\n\t\t<\/div>\n\t\t\t\t\t<\/div>\n\t\t<\/section>\n\t\t\t\t<div class=\"elementor-element elementor-element-77b2a80 elementor-widget elementor-widget-image-gallery\" data-id=\"77b2a80\" data-element_type=\"widget\" data-e-type=\"widget\" data-widget_type=\"image-gallery.default\">\n\t\t\t\t<div class=\"elementor-widget-container\">\n\t\t\t\t\t\t\t<div class=\"elementor-image-gallery\">\n\t\t\t<div id='gallery-1' class='gallery galleryid-13305 gallery-columns-4 gallery-size-medium'><figure class='gallery-item'>\n\t\t\t<div class='gallery-icon portrait'>\n\t\t\t\t<a data-elementor-open-lightbox=\"yes\" data-elementor-lightbox-slideshow=\"77b2a80\" data-elementor-lightbox-title=\"kostarika_pruvodce_florinacestach_2\" data-e-action-hash=\"#elementor-action%3Aaction%3Dlightbox%26settings%3DeyJpZCI6MTMzMjcsInVybCI6Imh0dHBzOlwvXC9mbG9yaW5hY2VzdGFjaC5jelwvd3AtY29udGVudFwvdXBsb2Fkc1wvMjAyNVwvMDdcL2tvc3RhcmlrYV9wcnV2b2RjZV9mbG9yaW5hY2VzdGFjaF8yLmpwZyIsInNsaWRlc2hvdyI6Ijc3YjJhODAifQ%3D%3D\" href='https:\/\/florinacestach.cz\/wp-content\/uploads\/2025\/07\/kostarika_pruvodce_florinacestach_2.jpg'><img decoding=\"async\" width=\"213\" height=\"300\" src=\"https:\/\/florinacestach.cz\/wp-content\/uploads\/2025\/07\/kostarika_pruvodce_florinacestach_2-213x300.jpg\" class=\"attachment-medium size-medium\" alt=\"\" srcset=\"https:\/\/florinacestach.cz\/wp-content\/uploads\/2025\/07\/kostarika_pruvodce_florinacestach_2-213x300.jpg 213w, https:\/\/florinacestach.cz\/wp-content\/uploads\/2025\/07\/kostarika_pruvodce_florinacestach_2-300x423.jpg 300w, https:\/\/florinacestach.cz\/wp-content\/uploads\/2025\/07\/kostarika_pruvodce_florinacestach_2-600x846.jpg 600w, https:\/\/florinacestach.cz\/wp-content\/uploads\/2025\/07\/kostarika_pruvodce_florinacestach_2.jpg 662w\" sizes=\"(max-width: 213px) 100vw, 213px\" \/><\/a>\n\t\t\t<\/div><\/figure><figure class='gallery-item'>\n\t\t\t<div class='gallery-icon portrait'>\n\t\t\t\t<a data-elementor-open-lightbox=\"yes\" data-elementor-lightbox-slideshow=\"77b2a80\" data-elementor-lightbox-title=\"kostarika_pruvodce_florinacestach_3\" data-e-action-hash=\"#elementor-action%3Aaction%3Dlightbox%26settings%3DeyJpZCI6MTMzMjYsInVybCI6Imh0dHBzOlwvXC9mbG9yaW5hY2VzdGFjaC5jelwvd3AtY29udGVudFwvdXBsb2Fkc1wvMjAyNVwvMDdcL2tvc3RhcmlrYV9wcnV2b2RjZV9mbG9yaW5hY2VzdGFjaF8zLmpwZyIsInNsaWRlc2hvdyI6Ijc3YjJhODAifQ%3D%3D\" href='https:\/\/florinacestach.cz\/wp-content\/uploads\/2025\/07\/kostarika_pruvodce_florinacestach_3.jpg'><img decoding=\"async\" width=\"213\" height=\"300\" src=\"https:\/\/florinacestach.cz\/wp-content\/uploads\/2025\/07\/kostarika_pruvodce_florinacestach_3-213x300.jpg\" class=\"attachment-medium size-medium\" alt=\"\" srcset=\"https:\/\/florinacestach.cz\/wp-content\/uploads\/2025\/07\/kostarika_pruvodce_florinacestach_3-213x300.jpg 213w, https:\/\/florinacestach.cz\/wp-content\/uploads\/2025\/07\/kostarika_pruvodce_florinacestach_3-300x423.jpg 300w, https:\/\/florinacestach.cz\/wp-content\/uploads\/2025\/07\/kostarika_pruvodce_florinacestach_3-600x846.jpg 600w, https:\/\/florinacestach.cz\/wp-content\/uploads\/2025\/07\/kostarika_pruvodce_florinacestach_3.jpg 660w\" sizes=\"(max-width: 213px) 100vw, 213px\" \/><\/a>\n\t\t\t<\/div><\/figure><figure class='gallery-item'>\n\t\t\t<div class='gallery-icon portrait'>\n\t\t\t\t<a data-elementor-open-lightbox=\"yes\" data-elementor-lightbox-slideshow=\"77b2a80\" data-elementor-lightbox-title=\"kostarika_pruvodce_florinacestach_4\" data-e-action-hash=\"#elementor-action%3Aaction%3Dlightbox%26settings%3DeyJpZCI6MTMzMjUsInVybCI6Imh0dHBzOlwvXC9mbG9yaW5hY2VzdGFjaC5jelwvd3AtY29udGVudFwvdXBsb2Fkc1wvMjAyNVwvMDdcL2tvc3RhcmlrYV9wcnV2b2RjZV9mbG9yaW5hY2VzdGFjaF80LmpwZyIsInNsaWRlc2hvdyI6Ijc3YjJhODAifQ%3D%3D\" href='https:\/\/florinacestach.cz\/wp-content\/uploads\/2025\/07\/kostarika_pruvodce_florinacestach_4.jpg'><img loading=\"lazy\" decoding=\"async\" width=\"213\" height=\"300\" src=\"https:\/\/florinacestach.cz\/wp-content\/uploads\/2025\/07\/kostarika_pruvodce_florinacestach_4-213x300.jpg\" class=\"attachment-medium size-medium\" alt=\"\" srcset=\"https:\/\/florinacestach.cz\/wp-content\/uploads\/2025\/07\/kostarika_pruvodce_florinacestach_4-213x300.jpg 213w, https:\/\/florinacestach.cz\/wp-content\/uploads\/2025\/07\/kostarika_pruvodce_florinacestach_4-300x422.jpg 300w, https:\/\/florinacestach.cz\/wp-content\/uploads\/2025\/07\/kostarika_pruvodce_florinacestach_4-600x844.jpg 600w, https:\/\/florinacestach.cz\/wp-content\/uploads\/2025\/07\/kostarika_pruvodce_florinacestach_4.jpg 663w\" sizes=\"(max-width: 213px) 100vw, 213px\" \/><\/a>\n\t\t\t<\/div><\/figure><figure class='gallery-item'>\n\t\t\t<div class='gallery-icon portrait'>\n\t\t\t\t<a data-elementor-open-lightbox=\"yes\" data-elementor-lightbox-slideshow=\"77b2a80\" data-elementor-lightbox-title=\"kostarika_pruvodce_florinacestach_5\" data-e-action-hash=\"#elementor-action%3Aaction%3Dlightbox%26settings%3DeyJpZCI6MTMzMjQsInVybCI6Imh0dHBzOlwvXC9mbG9yaW5hY2VzdGFjaC5jelwvd3AtY29udGVudFwvdXBsb2Fkc1wvMjAyNVwvMDdcL2tvc3RhcmlrYV9wcnV2b2RjZV9mbG9yaW5hY2VzdGFjaF81LmpwZyIsInNsaWRlc2hvdyI6Ijc3YjJhODAifQ%3D%3D\" href='https:\/\/florinacestach.cz\/wp-content\/uploads\/2025\/07\/kostarika_pruvodce_florinacestach_5.jpg'><img loading=\"lazy\" decoding=\"async\" width=\"212\" height=\"300\" src=\"https:\/\/florinacestach.cz\/wp-content\/uploads\/2025\/07\/kostarika_pruvodce_florinacestach_5-212x300.jpg\" class=\"attachment-medium size-medium\" alt=\"\" srcset=\"https:\/\/florinacestach.cz\/wp-content\/uploads\/2025\/07\/kostarika_pruvodce_florinacestach_5-212x300.jpg 212w, https:\/\/florinacestach.cz\/wp-content\/uploads\/2025\/07\/kostarika_pruvodce_florinacestach_5-300x424.jpg 300w, https:\/\/florinacestach.cz\/wp-content\/uploads\/2025\/07\/kostarika_pruvodce_florinacestach_5-600x848.jpg 600w, https:\/\/florinacestach.cz\/wp-content\/uploads\/2025\/07\/kostarika_pruvodce_florinacestach_5.jpg 661w\" sizes=\"(max-width: 212px) 100vw, 212px\" \/><\/a>\n\t\t\t<\/div><\/figure>\n\t\t<\/div>\n\t\t<\/div>\n\t\t\t\t\t\t<\/div>\n\t\t\t\t<\/div>\n\t\t\t\t<div class=\"elementor-element elementor-element-bafe65a elementor-widget elementor-widget-text-editor\" data-id=\"bafe65a\" data-element_type=\"widget\" data-e-type=\"widget\" data-widget_type=\"text-editor.default\">\n\t\t\t\t<div class=\"elementor-widget-container\">\n\t\t\t\t\t\t\t\t\t<p>Price: 100 CZK<\/p>\t\t\t\t\t\t\t\t<\/div>\n\t\t\t\t<\/div>\n\t\t\t\t<div class=\"elementor-element elementor-element-96a8791 elementor-align-center elementor-widget elementor-widget-button\" data-id=\"96a8791\" data-element_type=\"widget\" data-e-type=\"widget\" data-widget_type=\"button.default\">\n\t\t\t\t<div class=\"elementor-widget-container\">\n\t\t\t\t\t\t\t\t\t<div class=\"elementor-button-wrapper\">\n\t\t\t\t\t<a class=\"elementor-button elementor-button-link elementor-size-sm\" href=\"https:\/\/form.simpleshop.cz\/Kb4Qp\/buy\/\" target=\"_blank\" rel=\"noopener\">\n\t\t\t\t\t\t<span class=\"elementor-button-content-wrapper\">\n\t\t\t\t\t\t\t\t\t<span class=\"elementor-button-text\">Order<\/span>\n\t\t\t\t\t<\/span>\n\t\t\t\t\t<\/a>\n\t\t\t\t<\/div>\n\t\t\t\t\t\t\t\t<\/div>\n\t\t\t\t<\/div>\n\t\t\t\t<div class=\"elementor-element elementor-element-6e25e337 elementor-widget elementor-widget-text-editor\" data-id=\"6e25e337\" data-element_type=\"widget\" data-e-type=\"widget\" data-widget_type=\"text-editor.default\">\n\t\t\t\t<div class=\"elementor-widget-container\">\n\t\t\t\t\t\t\t\t\t<p><em>By clicking the Order button, you will be taken to the order form and after submitting your order, payment instructions will be displayed. Payment is only possible by bank transfer. After the payment is credited, you will receive an e-mail with a link to download the e-book.<\/em><\/p>\t\t\t\t\t\t\t\t<\/div>\n\t\t\t\t<\/div>\n\t\t\t\t<div class=\"elementor-element elementor-element-10f062ee elementor-widget elementor-widget-text-editor\" data-id=\"10f062ee\" data-element_type=\"widget\" data-e-type=\"widget\" data-widget_type=\"text-editor.default\">\n\t\t\t\t<div class=\"elementor-widget-container\">\n\t\t\t\t\t\t\t\t\t<h4>HEROHERO BONUS<\/h4>\n<p><strong>Only on HeroHero<\/strong> can you please <strong>one monthly subscription<\/strong> gain <strong>all my E-books<\/strong> (you don&#039;t have to renew your subscription for the next few months, except for the saved E-books, you won&#039;t find any bonus content here that I would add regularly). If you prefer to pay on Patreon, you can also download the e-book here.<\/p>\t\t\t\t\t\t\t\t<\/div>\n\t\t\t\t<\/div>\n\t\t\t\t<section class=\"elementor-section elementor-inner-section elementor-element elementor-element-3c3ed9bf elementor-section-boxed elementor-section-height-default elementor-section-height-default\" data-id=\"3c3ed9bf\" data-element_type=\"section\" data-e-type=\"section\">\n\t\t\t\t\t\t<div class=\"elementor-container elementor-column-gap-default\">\n\t\t\t\t\t<div class=\"elementor-column elementor-col-50 elementor-inner-column elementor-element elementor-element-16d7c732\" data-id=\"16d7c732\" data-element_type=\"column\" data-e-type=\"column\">\n\t\t\t<div class=\"elementor-widget-wrap elementor-element-populated\">\n\t\t\t\t\t\t<div class=\"elementor-element elementor-element-60d729ce elementor-align-center elementor-widget elementor-widget-button\" data-id=\"60d729ce\" data-element_type=\"widget\" data-e-type=\"widget\" data-widget_type=\"button.default\">\n\t\t\t\t<div class=\"elementor-widget-container\">\n\t\t\t\t\t\t\t\t\t<div class=\"elementor-button-wrapper\">\n\t\t\t\t\t<a class=\"elementor-button elementor-button-link elementor-size-sm\" href=\"https:\/\/herohero.co\/florinacestach\" target=\"_blank\" rel=\"noopener\">\n\t\t\t\t\t\t<span class=\"elementor-button-content-wrapper\">\n\t\t\t\t\t\t\t\t\t<span class=\"elementor-button-text\">Download on HeroHero<\/span>\n\t\t\t\t\t<\/span>\n\t\t\t\t\t<\/a>\n\t\t\t\t<\/div>\n\t\t\t\t\t\t\t\t<\/div>\n\t\t\t\t<\/div>\n\t\t\t\t\t<\/div>\n\t\t<\/div>\n\t\t\t\t<div class=\"elementor-column elementor-col-50 elementor-inner-column elementor-element elementor-element-385008e\" data-id=\"385008e\" data-element_type=\"column\" data-e-type=\"column\">\n\t\t\t<div class=\"elementor-widget-wrap elementor-element-populated\">\n\t\t\t\t\t\t<div class=\"elementor-element elementor-element-163f9bd1 elementor-align-center elementor-widget elementor-widget-button\" data-id=\"163f9bd1\" data-element_type=\"widget\" data-e-type=\"widget\" data-widget_type=\"button.default\">\n\t\t\t\t<div class=\"elementor-widget-container\">\n\t\t\t\t\t\t\t\t\t<div class=\"elementor-button-wrapper\">\n\t\t\t\t\t<a class=\"elementor-button elementor-button-link elementor-size-sm\" href=\"https:\/\/www.patreon.com\/posts\/e-book-kostarika-135462660?utm_medium=clipboard_copy&#038;utm_source=copyLink&#038;utm_campaign=postshare_creator&#038;utm_content=join_link\" target=\"_blank\" rel=\"noopener\">\n\t\t\t\t\t\t<span class=\"elementor-button-content-wrapper\">\n\t\t\t\t\t\t\t\t\t<span class=\"elementor-button-text\">Download on Patreon<\/span>\n\t\t\t\t\t<\/span>\n\t\t\t\t\t<\/a>\n\t\t\t\t<\/div>\n\t\t\t\t\t\t\t\t<\/div>\n\t\t\t\t<\/div>\n\t\t\t\t\t<\/div>\n\t\t<\/div>\n\t\t\t\t\t<\/div>\n\t\t<\/section>\n\t\t\t\t<section class=\"elementor-section elementor-inner-section elementor-element elementor-element-3ff2b22c elementor-section-boxed elementor-section-height-default elementor-section-height-default\" data-id=\"3ff2b22c\" data-element_type=\"section\" data-e-type=\"section\" data-settings=\"{&quot;animation&quot;:&quot;none&quot;}\">\n\t\t\t\t\t\t<div class=\"elementor-container elementor-column-gap-no\">\n\t\t\t\t\t<div class=\"elementor-column elementor-col-100 elementor-inner-column elementor-element elementor-element-6f3ed5dc\" data-id=\"6f3ed5dc\" data-element_type=\"column\" data-e-type=\"column\">\n\t\t\t<div class=\"elementor-widget-wrap elementor-element-populated\">\n\t\t\t\t\t\t<div class=\"elementor-element elementor-element-2a9489d6 elementor-widget elementor-widget-heading\" data-id=\"2a9489d6\" data-element_type=\"widget\" data-e-type=\"widget\" data-widget_type=\"heading.default\">\n\t\t\t\t<div class=\"elementor-widget-container\">\n\t\t\t\t\t<h2 class=\"elementor-heading-title elementor-size-default\">Related e-books<\/h2>\t\t\t\t<\/div>\n\t\t\t\t<\/div>\n\t\t\t\t\t<\/div>\n\t\t<\/div>\n\t\t\t\t\t<\/div>\n\t\t<\/section>\n\t\t\t\t<section class=\"elementor-section elementor-inner-section elementor-element elementor-element-504bc46b elementor-section-boxed elementor-section-height-default elementor-section-height-default\" data-id=\"504bc46b\" data-element_type=\"section\" data-e-type=\"section\">\n\t\t\t\t\t\t<div class=\"elementor-container elementor-column-gap-default\">\n\t\t\t\t\t<div class=\"elementor-column elementor-col-33 elementor-inner-column elementor-element elementor-element-7545aacc animated-slow\" data-id=\"7545aacc\" data-element_type=\"column\" data-e-type=\"column\" data-settings=\"{&quot;background_background&quot;:&quot;classic&quot;,&quot;animation&quot;:&quot;none&quot;}\">\n\t\t\t<div class=\"elementor-widget-wrap elementor-element-populated\">\n\t\t\t\t\t<div class=\"elementor-background-overlay\"><\/div>\n\t\t\t\t\t\t<div class=\"elementor-element elementor-element-30230a3 elementor-widget elementor-widget-image\" data-id=\"30230a3\" data-element_type=\"widget\" data-e-type=\"widget\" data-widget_type=\"image.default\">\n\t\t\t\t<div class=\"elementor-widget-container\">\n\t\t\t\t\t\t\t\t\t\t\t\t\t\t\t\t<a href=\"https:\/\/florinacestach.cz\/en\/barbados_pruvodce\/\">\n\t\t\t\t\t\t\t<img loading=\"lazy\" decoding=\"async\" width=\"724\" height=\"1024\" src=\"https:\/\/florinacestach.cz\/wp-content\/uploads\/2026\/01\/barbados_pruvodce_florinacestach_ebook-724x1024.jpg\" class=\"attachment-large size-large wp-image-13637\" alt=\"Barbados e-book, pr\u016fvodce, itiner\u00e1\u0159 by florinacestach.cz\" srcset=\"https:\/\/florinacestach.cz\/wp-content\/uploads\/2026\/01\/barbados_pruvodce_florinacestach_ebook-724x1024.jpg 724w, https:\/\/florinacestach.cz\/wp-content\/uploads\/2026\/01\/barbados_pruvodce_florinacestach_ebook-212x300.jpg 212w, https:\/\/florinacestach.cz\/wp-content\/uploads\/2026\/01\/barbados_pruvodce_florinacestach_ebook-768x1086.jpg 768w, https:\/\/florinacestach.cz\/wp-content\/uploads\/2026\/01\/barbados_pruvodce_florinacestach_ebook-1086x1536.jpg 1086w, https:\/\/florinacestach.cz\/wp-content\/uploads\/2026\/01\/barbados_pruvodce_florinacestach_ebook-300x424.jpg 300w, https:\/\/florinacestach.cz\/wp-content\/uploads\/2026\/01\/barbados_pruvodce_florinacestach_ebook-850x1202.jpg 850w, https:\/\/florinacestach.cz\/wp-content\/uploads\/2026\/01\/barbados_pruvodce_florinacestach_ebook.jpg 1414w\" sizes=\"(max-width: 724px) 100vw, 724px\" \/>\t\t\t\t\t\t\t\t<\/a>\n\t\t\t\t\t\t\t\t\t\t\t\t\t\t\t<\/div>\n\t\t\t\t<\/div>\n\t\t\t\t\t<\/div>\n\t\t<\/div>\n\t\t\t\t<div class=\"elementor-column elementor-col-33 elementor-inner-column elementor-element elementor-element-76fb69b animated-slow\" data-id=\"76fb69b\" data-element_type=\"column\" data-e-type=\"column\" data-settings=\"{&quot;background_background&quot;:&quot;classic&quot;,&quot;animation&quot;:&quot;none&quot;}\">\n\t\t\t<div class=\"elementor-widget-wrap elementor-element-populated\">\n\t\t\t\t\t<div class=\"elementor-background-overlay\"><\/div>\n\t\t\t\t\t\t<div class=\"elementor-element elementor-element-c4dedf8 elementor-widget elementor-widget-image\" data-id=\"c4dedf8\" data-element_type=\"widget\" data-e-type=\"widget\" data-widget_type=\"image.default\">\n\t\t\t\t<div class=\"elementor-widget-container\">\n\t\t\t\t\t\t\t\t\t\t\t\t\t\t\t\t<a href=\"https:\/\/florinacestach.cz\/en\/los_angeles_pruvodce\/\" target=\"_blank\">\n\t\t\t\t\t\t\t<img loading=\"lazy\" decoding=\"async\" width=\"724\" height=\"1024\" src=\"https:\/\/florinacestach.cz\/wp-content\/uploads\/2026\/01\/Los_Angeles_pruvodce_florinacestach_ebook_e-724x1024.jpg\" class=\"attachment-large size-large wp-image-13643\" alt=\"Los Angeles e-book, pr\u016fvodce, itiner\u00e1\u0159 by florinacestach.cz\" srcset=\"https:\/\/florinacestach.cz\/wp-content\/uploads\/2026\/01\/Los_Angeles_pruvodce_florinacestach_ebook_e-724x1024.jpg 724w, https:\/\/florinacestach.cz\/wp-content\/uploads\/2026\/01\/Los_Angeles_pruvodce_florinacestach_ebook_e-212x300.jpg 212w, https:\/\/florinacestach.cz\/wp-content\/uploads\/2026\/01\/Los_Angeles_pruvodce_florinacestach_ebook_e-768x1086.jpg 768w, https:\/\/florinacestach.cz\/wp-content\/uploads\/2026\/01\/Los_Angeles_pruvodce_florinacestach_ebook_e-1086x1536.jpg 1086w, https:\/\/florinacestach.cz\/wp-content\/uploads\/2026\/01\/Los_Angeles_pruvodce_florinacestach_ebook_e-300x424.jpg 300w, https:\/\/florinacestach.cz\/wp-content\/uploads\/2026\/01\/Los_Angeles_pruvodce_florinacestach_ebook_e-850x1202.jpg 850w, https:\/\/florinacestach.cz\/wp-content\/uploads\/2026\/01\/Los_Angeles_pruvodce_florinacestach_ebook_e.jpg 1414w\" sizes=\"(max-width: 724px) 100vw, 724px\" \/>\t\t\t\t\t\t\t\t<\/a>\n\t\t\t\t\t\t\t\t\t\t\t\t\t\t\t<\/div>\n\t\t\t\t<\/div>\n\t\t\t\t\t<\/div>\n\t\t<\/div>\n\t\t\t\t<div class=\"elementor-column elementor-col-33 elementor-inner-column elementor-element elementor-element-7057a005 animated-slow\" data-id=\"7057a005\" data-element_type=\"column\" data-e-type=\"column\" data-settings=\"{&quot;background_background&quot;:&quot;classic&quot;,&quot;animation&quot;:&quot;none&quot;}\">\n\t\t\t<div class=\"elementor-widget-wrap elementor-element-populated\">\n\t\t\t\t\t<div class=\"elementor-background-overlay\"><\/div>\n\t\t\t\t\t\t<div class=\"elementor-element elementor-element-bebdd70 elementor-widget elementor-widget-image\" data-id=\"bebdd70\" data-element_type=\"widget\" data-e-type=\"widget\" data-widget_type=\"image.default\">\n\t\t\t\t<div class=\"elementor-widget-container\">\n\t\t\t\t\t\t\t\t\t\t\t\t\t\t\t\t<a href=\"https:\/\/florinacestach.cz\/en\/mauricius_pruvodce\/\">\n\t\t\t\t\t\t\t<img loading=\"lazy\" decoding=\"async\" width=\"724\" height=\"1024\" src=\"https:\/\/florinacestach.cz\/wp-content\/uploads\/2026\/01\/mauricius_pruvodce_florinacestach_ebook_e-724x1024.jpg\" class=\"attachment-large size-large wp-image-13645\" alt=\"Mauricius e-book, pr\u016fvodce, itiner\u00e1\u0159 by florinacestach.cz\" srcset=\"https:\/\/florinacestach.cz\/wp-content\/uploads\/2026\/01\/mauricius_pruvodce_florinacestach_ebook_e-724x1024.jpg 724w, https:\/\/florinacestach.cz\/wp-content\/uploads\/2026\/01\/mauricius_pruvodce_florinacestach_ebook_e-212x300.jpg 212w, https:\/\/florinacestach.cz\/wp-content\/uploads\/2026\/01\/mauricius_pruvodce_florinacestach_ebook_e-768x1086.jpg 768w, https:\/\/florinacestach.cz\/wp-content\/uploads\/2026\/01\/mauricius_pruvodce_florinacestach_ebook_e-1086x1536.jpg 1086w, https:\/\/florinacestach.cz\/wp-content\/uploads\/2026\/01\/mauricius_pruvodce_florinacestach_ebook_e-300x424.jpg 300w, https:\/\/florinacestach.cz\/wp-content\/uploads\/2026\/01\/mauricius_pruvodce_florinacestach_ebook_e-850x1202.jpg 850w, https:\/\/florinacestach.cz\/wp-content\/uploads\/2026\/01\/mauricius_pruvodce_florinacestach_ebook_e.jpg 1414w\" sizes=\"(max-width: 724px) 100vw, 724px\" \/>\t\t\t\t\t\t\t\t<\/a>\n\t\t\t\t\t\t\t\t\t\t\t\t\t\t\t<\/div>\n\t\t\t\t<\/div>\n\t\t\t\t\t<\/div>\n\t\t<\/div>\n\t\t\t\t\t<\/div>\n\t\t<\/section>\n\t\t\t\t\t<\/div>\n\t\t<\/div>\n\t\t\t\t\t<\/div>\n\t\t<\/section>\n\t\t\t\t<\/div>","protected":false},"excerpt":{"rendered":"<p>Kostarika &#xE933;&#xE933;&#xE933;&#xE933;&#xE933; Rated 5 out of 5 E-book nabit\u00fd informacemi o Kostarice. Celou Kostariku jsem rozd\u011blil na \u0161est oblast\u00ed a z nich vybral nejzaj\u00edmav\u011bj\u0161\u00ed m\u00edsta. Na celkem 22 stran\u00e1ch najde\u0161 popis v\u00edce ne\u017e 40 m\u00edst z cel\u00e9 Kostariky, v\u010detn\u011b jejich um\u00edstn\u011bn\u00ed na map\u011b. P\u0159idal jsem tak\u00e9 odkazy na webov\u00e9 str\u00e1nky.\u00a0 V pr\u016fvodci najde\u0161 tak\u00e9 obecn\u00e9, [&hellip;]<\/p>\n","protected":false},"author":1,"featured_media":13288,"parent":0,"menu_order":0,"comment_status":"closed","ping_status":"closed","template":"elementor_header_footer","meta":{"footnotes":""},"class_list":["post-13305","page","type-page","status-publish","has-post-thumbnail","hentry"],"blocksy_meta":[],"_links":{"self":[{"href":"https:\/\/florinacestach.cz\/en\/wp-json\/wp\/v2\/pages\/13305","targetHints":{"allow":["GET"]}}],"collection":[{"href":"https:\/\/florinacestach.cz\/en\/wp-json\/wp\/v2\/pages"}],"about":[{"href":"https:\/\/florinacestach.cz\/en\/wp-json\/wp\/v2\/types\/page"}],"author":[{"embeddable":true,"href":"https:\/\/florinacestach.cz\/en\/wp-json\/wp\/v2\/users\/1"}],"replies":[{"embeddable":true,"href":"https:\/\/florinacestach.cz\/en\/wp-json\/wp\/v2\/comments?post=13305"}],"version-history":[{"count":9,"href":"https:\/\/florinacestach.cz\/en\/wp-json\/wp\/v2\/pages\/13305\/revisions"}],"predecessor-version":[{"id":13841,"href":"https:\/\/florinacestach.cz\/en\/wp-json\/wp\/v2\/pages\/13305\/revisions\/13841"}],"wp:featuredmedia":[{"embeddable":true,"href":"https:\/\/florinacestach.cz\/en\/wp-json\/wp\/v2\/media\/13288"}],"wp:attachment":[{"href":"https:\/\/florinacestach.cz\/en\/wp-json\/wp\/v2\/media?parent=13305"}],"curies":[{"name":"wp","href":"https:\/\/api.w.org\/{rel}","templated":true}]}}